{"id":1070,"date":"2024-12-15T07:43:44","date_gmt":"2024-12-15T06:43:44","guid":{"rendered":"http:\/\/www.mathsaucollege.ovh\/?page_id=1070"},"modified":"2024-12-15T07:43:44","modified_gmt":"2024-12-15T06:43:44","slug":"des-elements-de-correction","status":"publish","type":"page","link":"https:\/\/www.mathsaucollege.ovh\/index.php\/3eme\/3eme-probabilites\/des-elements-de-correction\/","title":{"rendered":"Des \u00e9l\u00e9ments de correction"},"content":{"rendered":"\n<p>Pour progresser, il faut faire des erreurs &#8230; Puis les corriger.<\/p>\n\n\n\n<hr class=\"wp-block-separator has-alpha-channel-opacity\"\/>\n\n\n\n<h2 class=\"wp-block-heading\">Activit\u00e9 1 : Quelques situations classiques<\/h2>\n\n\n\n<div class=\"wp-block-file\"><a id=\"wp-block-file--media-183d8082-86fa-4ac8-9076-df2df51ce4cc\" href=\"http:\/\/www.mathsaucollege.ovh\/wp-content\/uploads\/2024\/12\/Simulation-1-de-Excell-avec-graphe.ods\">Correction sous tableur du d\u00e9 \u00e0 6 faces<\/a><a href=\"http:\/\/www.mathsaucollege.ovh\/wp-content\/uploads\/2024\/12\/Simulation-1-de-Excell-avec-graphe.ods\" class=\"wp-block-file__button wp-element-button\" download aria-describedby=\"wp-block-file--media-183d8082-86fa-4ac8-9076-df2df51ce4cc\">T\u00e9l\u00e9charger<\/a><\/div>\n\n\n\n<hr class=\"wp-block-separator has-alpha-channel-opacity\"\/>\n\n\n\n<h2 class=\"wp-block-heading\">Correction Fiche 3 : Exp\u00e9rience al\u00e9atoire \u00e0 1 \u00e9preuve<\/h2>\n\n\n\n<div data-wp-interactive=\"core\/file\" class=\"wp-block-file\"><object data-wp-bind--hidden=\"!state.hasPdfPreview\" hidden class=\"wp-block-file__embed\" data=\"http:\/\/www.mathsaucollege.ovh\/wp-content\/uploads\/2024\/12\/Exercices-experiences-a-1-epreuve-avec-correction-1.pdf\" type=\"application\/pdf\" style=\"width:100%;height:600px\" aria-label=\"Embed of Fiche 3 : Enonc\u00e9 et correction.\"><\/object><a id=\"wp-block-file--media-74789e4d-b081-4fc4-a3b8-c3dea0fddc40\" href=\"http:\/\/www.mathsaucollege.ovh\/wp-content\/uploads\/2024\/12\/Exercices-experiences-a-1-epreuve-avec-correction-1.pdf\">Fiche 3 : Enonc\u00e9 et correction<\/a><a href=\"http:\/\/www.mathsaucollege.ovh\/wp-content\/uploads\/2024\/12\/Exercices-experiences-a-1-epreuve-avec-correction-1.pdf\" class=\"wp-block-file__button wp-element-button\" download aria-describedby=\"wp-block-file--media-74789e4d-b081-4fc4-a3b8-c3dea0fddc40\">T\u00e9l\u00e9charger<\/a><\/div>\n\n\n\n<hr class=\"wp-block-separator has-alpha-channel-opacity\"\/>\n","protected":false},"excerpt":{"rendered":"<p>Pour progresser, il faut faire des erreurs &#8230; Puis les corriger. Activit\u00e9 1 : Quelques situations classiques Correction Fiche 3 : Exp\u00e9rience al\u00e9atoire \u00e0 1 \u00e9preuve<\/p>\n","protected":false},"author":1,"featured_media":0,"parent":782,"menu_order":4,"comment_status":"closed","ping_status":"closed","template":"","meta":{"footnotes":""},"class_list":["post-1070","page","type-page","status-publish","hentry"],"_links":{"self":[{"href":"https:\/\/www.mathsaucollege.ovh\/index.php\/wp-json\/wp\/v2\/pages\/1070","targetHints":{"allow":["GET"]}}],"collection":[{"href":"https:\/\/www.mathsaucollege.ovh\/index.php\/wp-json\/wp\/v2\/pages"}],"about":[{"href":"https:\/\/www.mathsaucollege.ovh\/index.php\/wp-json\/wp\/v2\/types\/page"}],"author":[{"embeddable":true,"href":"https:\/\/www.mathsaucollege.ovh\/index.php\/wp-json\/wp\/v2\/users\/1"}],"replies":[{"embeddable":true,"href":"https:\/\/www.mathsaucollege.ovh\/index.php\/wp-json\/wp\/v2\/comments?post=1070"}],"version-history":[{"count":1,"href":"https:\/\/www.mathsaucollege.ovh\/index.php\/wp-json\/wp\/v2\/pages\/1070\/revisions"}],"predecessor-version":[{"id":1073,"href":"https:\/\/www.mathsaucollege.ovh\/index.php\/wp-json\/wp\/v2\/pages\/1070\/revisions\/1073"}],"up":[{"embeddable":true,"href":"https:\/\/www.mathsaucollege.ovh\/index.php\/wp-json\/wp\/v2\/pages\/782"}],"wp:attachment":[{"href":"https:\/\/www.mathsaucollege.ovh\/index.php\/wp-json\/wp\/v2\/media?parent=1070"}],"curies":[{"name":"wp","href":"https:\/\/api.w.org\/{rel}","templated":true}]}}