{"id":128,"date":"2020-06-15T19:13:42","date_gmt":"2020-06-15T17:13:42","guid":{"rendered":"http:\/\/www.mathsaucollege.ovh\/?page_id=128"},"modified":"2020-06-16T11:08:00","modified_gmt":"2020-06-16T09:08:00","slug":"les-activites-et-les-exercices","status":"publish","type":"page","link":"https:\/\/www.mathsaucollege.ovh\/index.php\/4eme\/4eme-equations\/les-activites-et-les-exercices\/","title":{"rendered":"Les activit\u00e9s et les exercices"},"content":{"rendered":"\n<p>Pour bien assimiler une notion, il faut la mettre en pratique.<\/p>\n\n\n\n<hr class=\"wp-block-separator has-text-color has-background has-accent-background-color has-accent-color\"\/>\n\n\n\n<h2 class=\"wp-block-heading\">Fiche 1 : Exprimer en fonction de<\/h2>\n\n\n\n<figure class=\"wp-block-image size-large is-resized\"><img loading=\"lazy\" decoding=\"async\" src=\"http:\/\/www.mathsaucollege.ovh\/wp-content\/uploads\/2020\/06\/Image_Fiche1-724x1024.jpg\" alt=\"\" class=\"wp-image-129\" width=\"243\" height=\"343\" srcset=\"https:\/\/www.mathsaucollege.ovh\/wp-content\/uploads\/2020\/06\/Image_Fiche1-724x1024.jpg 724w, https:\/\/www.mathsaucollege.ovh\/wp-content\/uploads\/2020\/06\/Image_Fiche1-212x300.jpg 212w, https:\/\/www.mathsaucollege.ovh\/wp-content\/uploads\/2020\/06\/Image_Fiche1-768x1087.jpg 768w, https:\/\/www.mathsaucollege.ovh\/wp-content\/uploads\/2020\/06\/Image_Fiche1-1085x1536.jpg 1085w, https:\/\/www.mathsaucollege.ovh\/wp-content\/uploads\/2020\/06\/Image_Fiche1-1447x2048.jpg 1447w, https:\/\/www.mathsaucollege.ovh\/wp-content\/uploads\/2020\/06\/Image_Fiche1-1200x1698.jpg 1200w, https:\/\/www.mathsaucollege.ovh\/wp-content\/uploads\/2020\/06\/Image_Fiche1-1980x2802.jpg 1980w, https:\/\/www.mathsaucollege.ovh\/wp-content\/uploads\/2020\/06\/Image_Fiche1-scaled.jpg 1809w\" sizes=\"auto, (max-width: 243px) 100vw, 243px\" \/><\/figure>\n\n\n\n<div class=\"wp-block-file\"><a href=\"http:\/\/www.mathsaucollege.ovh\/wp-content\/uploads\/2020\/06\/4eme_Equations_Fiche1_Exprimer_en_fonction_de.pdf\">4eme_Equations_Fiche1_Exprimer_en_fonction_de<\/a><a href=\"http:\/\/www.mathsaucollege.ovh\/wp-content\/uploads\/2020\/06\/4eme_Equations_Fiche1_Exprimer_en_fonction_de.pdf\" class=\"wp-block-file__button\" download>T\u00e9l\u00e9charger<\/a><\/div>\n\n\n\n<hr class=\"wp-block-separator has-text-color has-background has-accent-background-color has-accent-color\"\/>\n\n\n\n<h2 class=\"wp-block-heading\">Fiche 2 : Je d\u00e9couvre les \u00e9quations<\/h2>\n\n\n\n<figure class=\"wp-block-image size-large is-resized\"><img loading=\"lazy\" decoding=\"async\" src=\"http:\/\/www.mathsaucollege.ovh\/wp-content\/uploads\/2020\/06\/Image_Fiche2-724x1024.jpg\" alt=\"\" class=\"wp-image-131\" width=\"235\" height=\"332\" srcset=\"https:\/\/www.mathsaucollege.ovh\/wp-content\/uploads\/2020\/06\/Image_Fiche2-724x1024.jpg 724w, https:\/\/www.mathsaucollege.ovh\/wp-content\/uploads\/2020\/06\/Image_Fiche2-212x300.jpg 212w, https:\/\/www.mathsaucollege.ovh\/wp-content\/uploads\/2020\/06\/Image_Fiche2-768x1087.jpg 768w, https:\/\/www.mathsaucollege.ovh\/wp-content\/uploads\/2020\/06\/Image_Fiche2-1085x1536.jpg 1085w, https:\/\/www.mathsaucollege.ovh\/wp-content\/uploads\/2020\/06\/Image_Fiche2-1447x2048.jpg 1447w, https:\/\/www.mathsaucollege.ovh\/wp-content\/uploads\/2020\/06\/Image_Fiche2-1200x1698.jpg 1200w, https:\/\/www.mathsaucollege.ovh\/wp-content\/uploads\/2020\/06\/Image_Fiche2-1980x2802.jpg 1980w, https:\/\/www.mathsaucollege.ovh\/wp-content\/uploads\/2020\/06\/Image_Fiche2-scaled.jpg 1809w\" sizes=\"auto, (max-width: 235px) 100vw, 235px\" \/><\/figure>\n\n\n\n<div class=\"wp-block-file\"><a href=\"http:\/\/www.mathsaucollege.ovh\/wp-content\/uploads\/2020\/06\/4eme_Equations_Fiche2_Equations.pdf\">4eme_Equations_Fiche2_Equations<\/a><a href=\"http:\/\/www.mathsaucollege.ovh\/wp-content\/uploads\/2020\/06\/4eme_Equations_Fiche2_Equations.pdf\" class=\"wp-block-file__button\" download>T\u00e9l\u00e9charger<\/a><\/div>\n\n\n\n<hr class=\"wp-block-separator has-text-color has-background has-accent-background-color has-accent-color\"\/>\n\n\n\n<h2 class=\"wp-block-heading\">Fiche 2 Bis : R\u00e9solutions \u00e9quations Sup<\/h2>\n\n\n\n<figure class=\"wp-block-image size-large is-resized\"><img loading=\"lazy\" decoding=\"async\" src=\"http:\/\/www.mathsaucollege.ovh\/wp-content\/uploads\/2020\/06\/Image_Fiche2Bis-724x1024.jpg\" alt=\"\" class=\"wp-image-135\" width=\"248\" height=\"350\" srcset=\"https:\/\/www.mathsaucollege.ovh\/wp-content\/uploads\/2020\/06\/Image_Fiche2Bis-724x1024.jpg 724w, https:\/\/www.mathsaucollege.ovh\/wp-content\/uploads\/2020\/06\/Image_Fiche2Bis-212x300.jpg 212w, https:\/\/www.mathsaucollege.ovh\/wp-content\/uploads\/2020\/06\/Image_Fiche2Bis-768x1087.jpg 768w, https:\/\/www.mathsaucollege.ovh\/wp-content\/uploads\/2020\/06\/Image_Fiche2Bis-1085x1536.jpg 1085w, https:\/\/www.mathsaucollege.ovh\/wp-content\/uploads\/2020\/06\/Image_Fiche2Bis-1447x2048.jpg 1447w, https:\/\/www.mathsaucollege.ovh\/wp-content\/uploads\/2020\/06\/Image_Fiche2Bis-1200x1698.jpg 1200w, https:\/\/www.mathsaucollege.ovh\/wp-content\/uploads\/2020\/06\/Image_Fiche2Bis-1980x2802.jpg 1980w, https:\/\/www.mathsaucollege.ovh\/wp-content\/uploads\/2020\/06\/Image_Fiche2Bis-scaled.jpg 1809w\" sizes=\"auto, (max-width: 248px) 100vw, 248px\" \/><\/figure>\n\n\n\n<div class=\"wp-block-file\"><a href=\"http:\/\/www.mathsaucollege.ovh\/wp-content\/uploads\/2020\/06\/4\u00e8me_Equations_Fiche2Bis_Resolution_Sup.pdf\">4\u00e8me_Equations_Fiche2Bis_Resolution_Sup<\/a><a href=\"http:\/\/www.mathsaucollege.ovh\/wp-content\/uploads\/2020\/06\/4\u00e8me_Equations_Fiche2Bis_Resolution_Sup.pdf\" class=\"wp-block-file__button\" download>T\u00e9l\u00e9charger<\/a><\/div>\n\n\n\n<hr class=\"wp-block-separator has-text-color has-background has-accent-background-color has-accent-color\"\/>\n\n\n\n<h2 class=\"wp-block-heading\">Fiche 3: R\u00e9soudre des probl\u00e8mes<\/h2>\n\n\n\n<figure class=\"wp-block-image size-large is-resized\"><img loading=\"lazy\" decoding=\"async\" src=\"http:\/\/www.mathsaucollege.ovh\/wp-content\/uploads\/2020\/06\/Image_Fiche3-724x1024.jpg\" alt=\"\" class=\"wp-image-133\" width=\"250\" height=\"353\" srcset=\"https:\/\/www.mathsaucollege.ovh\/wp-content\/uploads\/2020\/06\/Image_Fiche3-724x1024.jpg 724w, https:\/\/www.mathsaucollege.ovh\/wp-content\/uploads\/2020\/06\/Image_Fiche3-212x300.jpg 212w, https:\/\/www.mathsaucollege.ovh\/wp-content\/uploads\/2020\/06\/Image_Fiche3-768x1087.jpg 768w, https:\/\/www.mathsaucollege.ovh\/wp-content\/uploads\/2020\/06\/Image_Fiche3-1085x1536.jpg 1085w, https:\/\/www.mathsaucollege.ovh\/wp-content\/uploads\/2020\/06\/Image_Fiche3-1447x2048.jpg 1447w, https:\/\/www.mathsaucollege.ovh\/wp-content\/uploads\/2020\/06\/Image_Fiche3-1200x1698.jpg 1200w, https:\/\/www.mathsaucollege.ovh\/wp-content\/uploads\/2020\/06\/Image_Fiche3-1980x2802.jpg 1980w, https:\/\/www.mathsaucollege.ovh\/wp-content\/uploads\/2020\/06\/Image_Fiche3-scaled.jpg 1809w\" sizes=\"auto, (max-width: 250px) 100vw, 250px\" \/><\/figure>\n\n\n\n<div class=\"wp-block-file\"><a href=\"http:\/\/www.mathsaucollege.ovh\/wp-content\/uploads\/2020\/06\/4eme_Equations_Fiche3_Resoudre-des-problemes.pdf\">4eme_Equations_Fiche3_Resoudre-des-problemes<\/a><a href=\"http:\/\/www.mathsaucollege.ovh\/wp-content\/uploads\/2020\/06\/4eme_Equations_Fiche3_Resoudre-des-problemes.pdf\" class=\"wp-block-file__button\" download>T\u00e9l\u00e9charger<\/a><\/div>\n\n\n\n<hr class=\"wp-block-separator\"\/>\n","protected":false},"excerpt":{"rendered":"<p>Pour bien assimiler une notion, il faut la mettre en pratique. Fiche 1 : Exprimer en fonction de Fiche 2 : Je d\u00e9couvre les \u00e9quations Fiche 2 Bis : R\u00e9solutions \u00e9quations Sup Fiche 3: R\u00e9soudre des probl\u00e8mes<\/p>\n","protected":false},"author":1,"featured_media":0,"parent":63,"menu_order":0,"comment_status":"closed","ping_status":"closed","template":"","meta":{"footnotes":""},"class_list":["post-128","page","type-page","status-publish","hentry"],"_links":{"self":[{"href":"https:\/\/www.mathsaucollege.ovh\/index.php\/wp-json\/wp\/v2\/pages\/128","targetHints":{"allow":["GET"]}}],"collection":[{"href":"https:\/\/www.mathsaucollege.ovh\/index.php\/wp-json\/wp\/v2\/pages"}],"about":[{"href":"https:\/\/www.mathsaucollege.ovh\/index.php\/wp-json\/wp\/v2\/types\/page"}],"author":[{"embeddable":true,"href":"https:\/\/www.mathsaucollege.ovh\/index.php\/wp-json\/wp\/v2\/users\/1"}],"replies":[{"embeddable":true,"href":"https:\/\/www.mathsaucollege.ovh\/index.php\/wp-json\/wp\/v2\/comments?post=128"}],"version-history":[{"count":1,"href":"https:\/\/www.mathsaucollege.ovh\/index.php\/wp-json\/wp\/v2\/pages\/128\/revisions"}],"predecessor-version":[{"id":137,"href":"https:\/\/www.mathsaucollege.ovh\/index.php\/wp-json\/wp\/v2\/pages\/128\/revisions\/137"}],"up":[{"embeddable":true,"href":"https:\/\/www.mathsaucollege.ovh\/index.php\/wp-json\/wp\/v2\/pages\/63"}],"wp:attachment":[{"href":"https:\/\/www.mathsaucollege.ovh\/index.php\/wp-json\/wp\/v2\/media?parent=128"}],"curies":[{"name":"wp","href":"https:\/\/api.w.org\/{rel}","templated":true}]}}