{"id":165,"date":"2020-06-22T19:20:03","date_gmt":"2020-06-22T17:20:03","guid":{"rendered":"http:\/\/www.mathsaucollege.ovh\/?page_id=165"},"modified":"2020-06-22T19:20:48","modified_gmt":"2020-06-22T17:20:48","slug":"les-activites-et-les-exercices","status":"publish","type":"page","link":"https:\/\/www.mathsaucollege.ovh\/index.php\/4eme\/4eme-les-puissances\/les-activites-et-les-exercices\/","title":{"rendered":"Les activit\u00e9s et les exercices"},"content":{"rendered":"\n<p>Pour bien assimiler une notion, il faut la mettre en pratique.<\/p>\n\n\n\n<hr class=\"wp-block-separator has-text-color has-background has-accent-background-color has-accent-color\"\/>\n\n\n\n<h2 class=\"wp-block-heading\">Plan de travail :<\/h2>\n\n\n\n<figure class=\"wp-block-image size-large is-resized\"><img loading=\"lazy\" decoding=\"async\" src=\"http:\/\/www.mathsaucollege.ovh\/wp-content\/uploads\/2020\/06\/Image_Plan-de-travail-1024x724.jpg\" alt=\"\" class=\"wp-image-166\" width=\"340\" height=\"240\" srcset=\"https:\/\/www.mathsaucollege.ovh\/wp-content\/uploads\/2020\/06\/Image_Plan-de-travail-1024x724.jpg 1024w, https:\/\/www.mathsaucollege.ovh\/wp-content\/uploads\/2020\/06\/Image_Plan-de-travail-300x212.jpg 300w, https:\/\/www.mathsaucollege.ovh\/wp-content\/uploads\/2020\/06\/Image_Plan-de-travail-768x543.jpg 768w, https:\/\/www.mathsaucollege.ovh\/wp-content\/uploads\/2020\/06\/Image_Plan-de-travail-1536x1085.jpg 1536w, https:\/\/www.mathsaucollege.ovh\/wp-content\/uploads\/2020\/06\/Image_Plan-de-travail-2048x1447.jpg 2048w, https:\/\/www.mathsaucollege.ovh\/wp-content\/uploads\/2020\/06\/Image_Plan-de-travail-1200x848.jpg 1200w, https:\/\/www.mathsaucollege.ovh\/wp-content\/uploads\/2020\/06\/Image_Plan-de-travail-1980x1399.jpg 1980w\" sizes=\"auto, (max-width: 340px) 100vw, 340px\" \/><\/figure>\n\n\n\n<div class=\"wp-block-file\"><a href=\"http:\/\/www.mathsaucollege.ovh\/wp-content\/uploads\/2020\/06\/Plan-de-travail-puissance.pdf\">Plan-de-travail-puissance<\/a><a href=\"http:\/\/www.mathsaucollege.ovh\/wp-content\/uploads\/2020\/06\/Plan-de-travail-puissance.pdf\" class=\"wp-block-file__button\" download>T\u00e9l\u00e9charger<\/a><\/div>\n\n\n\n<hr class=\"wp-block-separator has-text-color has-background has-accent-background-color has-accent-color\"\/>\n\n\n\n<h2 class=\"wp-block-heading\">Fiche : Je d\u00e9couvre<\/h2>\n\n\n\n<figure class=\"wp-block-image size-large is-resized\"><img loading=\"lazy\" decoding=\"async\" src=\"http:\/\/www.mathsaucollege.ovh\/wp-content\/uploads\/2020\/06\/Image_Je_d\u00e9couvre-724x1024.jpg\" alt=\"\" class=\"wp-image-168\" width=\"258\" height=\"364\" srcset=\"https:\/\/www.mathsaucollege.ovh\/wp-content\/uploads\/2020\/06\/Image_Je_d\u00e9couvre-724x1024.jpg 724w, https:\/\/www.mathsaucollege.ovh\/wp-content\/uploads\/2020\/06\/Image_Je_d\u00e9couvre-212x300.jpg 212w, https:\/\/www.mathsaucollege.ovh\/wp-content\/uploads\/2020\/06\/Image_Je_d\u00e9couvre-768x1087.jpg 768w, https:\/\/www.mathsaucollege.ovh\/wp-content\/uploads\/2020\/06\/Image_Je_d\u00e9couvre-1085x1536.jpg 1085w, https:\/\/www.mathsaucollege.ovh\/wp-content\/uploads\/2020\/06\/Image_Je_d\u00e9couvre-1447x2048.jpg 1447w, https:\/\/www.mathsaucollege.ovh\/wp-content\/uploads\/2020\/06\/Image_Je_d\u00e9couvre-1200x1698.jpg 1200w, https:\/\/www.mathsaucollege.ovh\/wp-content\/uploads\/2020\/06\/Image_Je_d\u00e9couvre-1980x2802.jpg 1980w, https:\/\/www.mathsaucollege.ovh\/wp-content\/uploads\/2020\/06\/Image_Je_d\u00e9couvre-scaled.jpg 1809w\" sizes=\"auto, (max-width: 258px) 100vw, 258px\" \/><\/figure>\n\n\n\n<div class=\"wp-block-file\"><a href=\"http:\/\/www.mathsaucollege.ovh\/wp-content\/uploads\/2020\/06\/Fiche_Je_d\u00e9couvre.pdf\">Fiche_Je_d\u00e9couvre<\/a><a href=\"http:\/\/www.mathsaucollege.ovh\/wp-content\/uploads\/2020\/06\/Fiche_Je_d\u00e9couvre.pdf\" class=\"wp-block-file__button\" download>T\u00e9l\u00e9charger<\/a><\/div>\n\n\n\n<hr class=\"wp-block-separator has-text-color has-background has-accent-background-color has-accent-color\"\/>\n\n\n\n<h2 class=\"wp-block-heading\">Fiche : Je m&#8217;entra\u00eene<\/h2>\n\n\n\n<figure class=\"wp-block-image size-large is-resized\"><img loading=\"lazy\" decoding=\"async\" src=\"http:\/\/www.mathsaucollege.ovh\/wp-content\/uploads\/2020\/06\/Image_Je_m_entraine-724x1024.jpg\" alt=\"\" class=\"wp-image-170\" width=\"242\" height=\"341\" srcset=\"https:\/\/www.mathsaucollege.ovh\/wp-content\/uploads\/2020\/06\/Image_Je_m_entraine-724x1024.jpg 724w, https:\/\/www.mathsaucollege.ovh\/wp-content\/uploads\/2020\/06\/Image_Je_m_entraine-212x300.jpg 212w, https:\/\/www.mathsaucollege.ovh\/wp-content\/uploads\/2020\/06\/Image_Je_m_entraine-1200x1698.jpg 1200w, https:\/\/www.mathsaucollege.ovh\/wp-content\/uploads\/2020\/06\/Image_Je_m_entraine-1980x2802.jpg 1980w, https:\/\/www.mathsaucollege.ovh\/wp-content\/uploads\/2020\/06\/Image_Je_m_entraine-scaled.jpg 1809w\" sizes=\"auto, (max-width: 242px) 100vw, 242px\" \/><\/figure>\n\n\n\n<div class=\"wp-block-file\"><a href=\"http:\/\/www.mathsaucollege.ovh\/wp-content\/uploads\/2020\/06\/Puissances-je-mentraine.pdf\">Puissances-je-mentraine<\/a><a href=\"http:\/\/www.mathsaucollege.ovh\/wp-content\/uploads\/2020\/06\/Puissances-je-mentraine.pdf\" class=\"wp-block-file__button\" download>T\u00e9l\u00e9charger<\/a><\/div>\n\n\n\n<hr class=\"wp-block-separator has-text-color has-background has-accent-background-color has-accent-color\"\/>\n\n\n\n<h2 class=\"wp-block-heading\">Fiche : J&#8217;approfondis<\/h2>\n\n\n\n<figure class=\"wp-block-image size-large is-resized\"><img loading=\"lazy\" decoding=\"async\" src=\"http:\/\/www.mathsaucollege.ovh\/wp-content\/uploads\/2020\/06\/Image_J_approfondis-724x1024.jpg\" alt=\"\" class=\"wp-image-172\" width=\"253\" height=\"357\" srcset=\"https:\/\/www.mathsaucollege.ovh\/wp-content\/uploads\/2020\/06\/Image_J_approfondis-724x1024.jpg 724w, https:\/\/www.mathsaucollege.ovh\/wp-content\/uploads\/2020\/06\/Image_J_approfondis-212x300.jpg 212w, https:\/\/www.mathsaucollege.ovh\/wp-content\/uploads\/2020\/06\/Image_J_approfondis-768x1087.jpg 768w, https:\/\/www.mathsaucollege.ovh\/wp-content\/uploads\/2020\/06\/Image_J_approfondis-1085x1536.jpg 1085w, https:\/\/www.mathsaucollege.ovh\/wp-content\/uploads\/2020\/06\/Image_J_approfondis-1447x2048.jpg 1447w, https:\/\/www.mathsaucollege.ovh\/wp-content\/uploads\/2020\/06\/Image_J_approfondis-1200x1698.jpg 1200w, https:\/\/www.mathsaucollege.ovh\/wp-content\/uploads\/2020\/06\/Image_J_approfondis-1980x2802.jpg 1980w, https:\/\/www.mathsaucollege.ovh\/wp-content\/uploads\/2020\/06\/Image_J_approfondis-scaled.jpg 1809w\" sizes=\"auto, (max-width: 253px) 100vw, 253px\" \/><\/figure>\n\n\n\n<div class=\"wp-block-file\"><a href=\"http:\/\/www.mathsaucollege.ovh\/wp-content\/uploads\/2020\/06\/Fiche_J_approfondis.pdf\">Fiche_J_approfondis<\/a><a href=\"http:\/\/www.mathsaucollege.ovh\/wp-content\/uploads\/2020\/06\/Fiche_J_approfondis.pdf\" class=\"wp-block-file__button\" download>T\u00e9l\u00e9charger<\/a><\/div>\n\n\n\n<hr class=\"wp-block-separator has-text-color has-background has-accent-background-color has-accent-color\"\/>\n\n\n\n<h2 class=\"wp-block-heading\">Fiche : Probl\u00e8mes<\/h2>\n\n\n\n<figure class=\"wp-block-image size-large is-resized\"><img loading=\"lazy\" decoding=\"async\" src=\"http:\/\/www.mathsaucollege.ovh\/wp-content\/uploads\/2020\/06\/Image_Activite_Decouverte_Formules-724x1024.jpg\" alt=\"\" class=\"wp-image-174\" width=\"257\" height=\"363\" srcset=\"https:\/\/www.mathsaucollege.ovh\/wp-content\/uploads\/2020\/06\/Image_Activite_Decouverte_Formules-724x1024.jpg 724w, https:\/\/www.mathsaucollege.ovh\/wp-content\/uploads\/2020\/06\/Image_Activite_Decouverte_Formules-212x300.jpg 212w, https:\/\/www.mathsaucollege.ovh\/wp-content\/uploads\/2020\/06\/Image_Activite_Decouverte_Formules-768x1087.jpg 768w, https:\/\/www.mathsaucollege.ovh\/wp-content\/uploads\/2020\/06\/Image_Activite_Decouverte_Formules-1085x1536.jpg 1085w, https:\/\/www.mathsaucollege.ovh\/wp-content\/uploads\/2020\/06\/Image_Activite_Decouverte_Formules-1447x2048.jpg 1447w, https:\/\/www.mathsaucollege.ovh\/wp-content\/uploads\/2020\/06\/Image_Activite_Decouverte_Formules-1200x1698.jpg 1200w, https:\/\/www.mathsaucollege.ovh\/wp-content\/uploads\/2020\/06\/Image_Activite_Decouverte_Formules-1980x2802.jpg 1980w, https:\/\/www.mathsaucollege.ovh\/wp-content\/uploads\/2020\/06\/Image_Activite_Decouverte_Formules-scaled.jpg 1809w\" sizes=\"auto, (max-width: 257px) 100vw, 257px\" \/><\/figure>\n\n\n\n<div class=\"wp-block-file\"><a href=\"http:\/\/www.mathsaucollege.ovh\/wp-content\/uploads\/2020\/06\/Activit\u00e9-d\u00e9couverte-formules-de-calculs.pdf\">Activit\u00e9-d\u00e9couverte-formules-de-calculs<\/a><a href=\"http:\/\/www.mathsaucollege.ovh\/wp-content\/uploads\/2020\/06\/Activit\u00e9-d\u00e9couverte-formules-de-calculs.pdf\" class=\"wp-block-file__button\" download>T\u00e9l\u00e9charger<\/a><\/div>\n\n\n\n<hr class=\"wp-block-separator has-text-color has-background has-accent-background-color has-accent-color\"\/>\n\n\n\n<h2 class=\"wp-block-heading\">Fiche : Probl\u00e8mes<\/h2>\n\n\n\n<figure class=\"wp-block-image size-large is-resized\"><img loading=\"lazy\" decoding=\"async\" src=\"http:\/\/www.mathsaucollege.ovh\/wp-content\/uploads\/2020\/06\/Image_Probl\u00e8mes-724x1024.jpg\" alt=\"\" class=\"wp-image-176\" width=\"227\" height=\"320\" srcset=\"https:\/\/www.mathsaucollege.ovh\/wp-content\/uploads\/2020\/06\/Image_Probl\u00e8mes-724x1024.jpg 724w, https:\/\/www.mathsaucollege.ovh\/wp-content\/uploads\/2020\/06\/Image_Probl\u00e8mes-212x300.jpg 212w, https:\/\/www.mathsaucollege.ovh\/wp-content\/uploads\/2020\/06\/Image_Probl\u00e8mes-768x1087.jpg 768w, https:\/\/www.mathsaucollege.ovh\/wp-content\/uploads\/2020\/06\/Image_Probl\u00e8mes-1085x1536.jpg 1085w, https:\/\/www.mathsaucollege.ovh\/wp-content\/uploads\/2020\/06\/Image_Probl\u00e8mes-1447x2048.jpg 1447w, https:\/\/www.mathsaucollege.ovh\/wp-content\/uploads\/2020\/06\/Image_Probl\u00e8mes-1200x1698.jpg 1200w, https:\/\/www.mathsaucollege.ovh\/wp-content\/uploads\/2020\/06\/Image_Probl\u00e8mes-1980x2802.jpg 1980w, https:\/\/www.mathsaucollege.ovh\/wp-content\/uploads\/2020\/06\/Image_Probl\u00e8mes-scaled.jpg 1809w\" sizes=\"auto, (max-width: 227px) 100vw, 227px\" \/><\/figure>\n\n\n\n<div class=\"wp-block-file\"><a href=\"http:\/\/www.mathsaucollege.ovh\/wp-content\/uploads\/2020\/06\/Probl\u00e8mes.pdf\">Probl\u00e8mes<\/a><a href=\"http:\/\/www.mathsaucollege.ovh\/wp-content\/uploads\/2020\/06\/Probl\u00e8mes.pdf\" class=\"wp-block-file__button\" download>T\u00e9l\u00e9charger<\/a><\/div>\n","protected":false},"excerpt":{"rendered":"<p>Pour bien assimiler une notion, il faut la mettre en pratique. Plan de travail : Fiche : Je d\u00e9couvre Fiche : Je m&#8217;entra\u00eene Fiche : J&#8217;approfondis Fiche : Probl\u00e8mes Fiche : Probl\u00e8mes<\/p>\n","protected":false},"author":1,"featured_media":0,"parent":157,"menu_order":0,"comment_status":"closed","ping_status":"closed","template":"","meta":{"footnotes":""},"class_list":["post-165","page","type-page","status-publish","hentry"],"_links":{"self":[{"href":"https:\/\/www.mathsaucollege.ovh\/index.php\/wp-json\/wp\/v2\/pages\/165","targetHints":{"allow":["GET"]}}],"collection":[{"href":"https:\/\/www.mathsaucollege.ovh\/index.php\/wp-json\/wp\/v2\/pages"}],"about":[{"href":"https:\/\/www.mathsaucollege.ovh\/index.php\/wp-json\/wp\/v2\/types\/page"}],"author":[{"embeddable":true,"href":"https:\/\/www.mathsaucollege.ovh\/index.php\/wp-json\/wp\/v2\/users\/1"}],"replies":[{"embeddable":true,"href":"https:\/\/www.mathsaucollege.ovh\/index.php\/wp-json\/wp\/v2\/comments?post=165"}],"version-history":[{"count":1,"href":"https:\/\/www.mathsaucollege.ovh\/index.php\/wp-json\/wp\/v2\/pages\/165\/revisions"}],"predecessor-version":[{"id":178,"href":"https:\/\/www.mathsaucollege.ovh\/index.php\/wp-json\/wp\/v2\/pages\/165\/revisions\/178"}],"up":[{"embeddable":true,"href":"https:\/\/www.mathsaucollege.ovh\/index.php\/wp-json\/wp\/v2\/pages\/157"}],"wp:attachment":[{"href":"https:\/\/www.mathsaucollege.ovh\/index.php\/wp-json\/wp\/v2\/media?parent=165"}],"curies":[{"name":"wp","href":"https:\/\/api.w.org\/{rel}","templated":true}]}}