{"id":180,"date":"2020-06-22T19:25:40","date_gmt":"2020-06-22T17:25:40","guid":{"rendered":"http:\/\/www.mathsaucollege.ovh\/?page_id=180"},"modified":"2020-06-22T19:25:40","modified_gmt":"2020-06-22T17:25:40","slug":"des-elements-de-correction","status":"publish","type":"page","link":"https:\/\/www.mathsaucollege.ovh\/index.php\/4eme\/4eme-les-puissances\/des-elements-de-correction\/","title":{"rendered":"Des \u00e9l\u00e9ments de correction"},"content":{"rendered":"\n<p>Pour progresser, il faut faire des erreurs &#8230; Puis les corriger.<\/p>\n\n\n\n<hr class=\"wp-block-separator has-text-color has-background has-accent-background-color has-accent-color\"\/>\n\n\n\n<h2 class=\"wp-block-heading\">Correction  :<br>Fiche : Je m&#8217;entra\u00eene<\/h2>\n\n\n\n<div class=\"wp-block-file\"><a href=\"http:\/\/www.mathsaucollege.ovh\/wp-content\/uploads\/2020\/06\/Puissances-je-mentraine_Correction.pdf\">Puissances-je-mentraine_Correction<\/a><a href=\"http:\/\/www.mathsaucollege.ovh\/wp-content\/uploads\/2020\/06\/Puissances-je-mentraine_Correction.pdf\" class=\"wp-block-file__button\" download>T\u00e9l\u00e9charger<\/a><\/div>\n\n\n\n<hr class=\"wp-block-separator has-text-color has-background has-accent-background-color has-accent-color\"\/>\n\n\n\n<h2 class=\"wp-block-heading\">Correction:<br>Fiche : J&#8217;approfondis<\/h2>\n\n\n\n<div class=\"wp-block-file\"><a href=\"http:\/\/www.mathsaucollege.ovh\/wp-content\/uploads\/2020\/06\/Fiche_J_approfondis_Correction.pdf\">Fiche_J_approfondis_Correction<\/a><a href=\"http:\/\/www.mathsaucollege.ovh\/wp-content\/uploads\/2020\/06\/Fiche_J_approfondis_Correction.pdf\" class=\"wp-block-file__button\" download>T\u00e9l\u00e9charger<\/a><\/div>\n\n\n\n<hr class=\"wp-block-separator has-text-color has-background has-accent-background-color has-accent-color\"\/>\n\n\n\n<h2 class=\"wp-block-heading\">Correction :<br>Activit\u00e9 d\u00e9couverte des formules de calculs<\/h2>\n\n\n\n<div class=\"wp-block-file\"><a href=\"http:\/\/www.mathsaucollege.ovh\/wp-content\/uploads\/2020\/06\/Activit\u00e9-d\u00e9couverte-formules-de-calculs_Correction.pdf\">Activit\u00e9-d\u00e9couverte-formules-de-calculs_Correction<\/a><a href=\"http:\/\/www.mathsaucollege.ovh\/wp-content\/uploads\/2020\/06\/Activit\u00e9-d\u00e9couverte-formules-de-calculs_Correction.pdf\" class=\"wp-block-file__button\" download>T\u00e9l\u00e9charger<\/a><\/div>\n\n\n\n<hr class=\"wp-block-separator has-text-color has-background has-accent-background-color has-accent-color\"\/>\n\n\n\n<h2 class=\"wp-block-heading\">Correction :<br>Les probl\u00e8mes<\/h2>\n\n\n\n<h2 class=\"wp-block-heading\"><br><\/h2>\n","protected":false},"excerpt":{"rendered":"<p>Pour progresser, il faut faire des erreurs &#8230; Puis les corriger. Correction :Fiche : Je m&#8217;entra\u00eene Correction:Fiche : J&#8217;approfondis Correction :Activit\u00e9 d\u00e9couverte des formules de calculs Correction :Les probl\u00e8mes<\/p>\n","protected":false},"author":1,"featured_media":0,"parent":157,"menu_order":0,"comment_status":"closed","ping_status":"closed","template":"","meta":{"footnotes":""},"class_list":["post-180","page","type-page","status-publish","hentry"],"_links":{"self":[{"href":"https:\/\/www.mathsaucollege.ovh\/index.php\/wp-json\/wp\/v2\/pages\/180","targetHints":{"allow":["GET"]}}],"collection":[{"href":"https:\/\/www.mathsaucollege.ovh\/index.php\/wp-json\/wp\/v2\/pages"}],"about":[{"href":"https:\/\/www.mathsaucollege.ovh\/index.php\/wp-json\/wp\/v2\/types\/page"}],"author":[{"embeddable":true,"href":"https:\/\/www.mathsaucollege.ovh\/index.php\/wp-json\/wp\/v2\/users\/1"}],"replies":[{"embeddable":true,"href":"https:\/\/www.mathsaucollege.ovh\/index.php\/wp-json\/wp\/v2\/comments?post=180"}],"version-history":[{"count":1,"href":"https:\/\/www.mathsaucollege.ovh\/index.php\/wp-json\/wp\/v2\/pages\/180\/revisions"}],"predecessor-version":[{"id":184,"href":"https:\/\/www.mathsaucollege.ovh\/index.php\/wp-json\/wp\/v2\/pages\/180\/revisions\/184"}],"up":[{"embeddable":true,"href":"https:\/\/www.mathsaucollege.ovh\/index.php\/wp-json\/wp\/v2\/pages\/157"}],"wp:attachment":[{"href":"https:\/\/www.mathsaucollege.ovh\/index.php\/wp-json\/wp\/v2\/media?parent=180"}],"curies":[{"name":"wp","href":"https:\/\/api.w.org\/{rel}","templated":true}]}}