{"id":498,"date":"2021-02-09T11:43:09","date_gmt":"2021-02-09T10:43:09","guid":{"rendered":"http:\/\/www.mathsaucollege.ovh\/?page_id=498"},"modified":"2021-02-12T17:22:22","modified_gmt":"2021-02-12T16:22:22","slug":"des-videos-pour-mieux-comprendre","status":"publish","type":"page","link":"https:\/\/www.mathsaucollege.ovh\/index.php\/3eme\/3eme-les-statistiques\/des-videos-pour-mieux-comprendre\/","title":{"rendered":"Des vid\u00e9os pour mieux comprendre"},"content":{"rendered":"\n<hr class=\"wp-block-separator has-text-color has-background has-accent-background-color has-accent-color is-style-wide\"\/>\n\n\n\n<h2 class=\"wp-block-heading\">Comment calculer une moyenne ou une moyenne pond\u00e9r\u00e9e?<\/h2>\n\n\n\n<figure class=\"wp-block-embed is-type-video is-provider-youtube wp-block-embed-youtube wp-embed-aspect-16-9 wp-has-aspect-ratio\"><div class=\"wp-block-embed__wrapper\">\n<iframe loading=\"lazy\" title=\"Calculer une moyenne - Quatri\u00e8me\" width=\"580\" height=\"326\" src=\"https:\/\/www.youtube.com\/embed\/a-RRUlS_CR8?feature=oembed\" frameborder=\"0\" allow=\"accelerometer; autoplay; clipboard-write; encrypted-media; gyroscope; picture-in-picture; web-share\" referrerpolicy=\"strict-origin-when-cross-origin\" allowfullscreen><\/iframe>\n<\/div><figcaption>Calculer une moyenne<\/figcaption><\/figure>\n\n\n\n<figure class=\"wp-block-embed is-type-video is-provider-youtube wp-block-embed-youtube wp-embed-aspect-16-9 wp-has-aspect-ratio\"><div class=\"wp-block-embed__wrapper\">\n<iframe loading=\"lazy\" title=\"Calculer une moyenne pond\u00e9r\u00e9e - Quatri\u00e8me\" width=\"580\" height=\"326\" src=\"https:\/\/www.youtube.com\/embed\/iRWmgqycx_0?feature=oembed\" frameborder=\"0\" allow=\"accelerometer; autoplay; clipboard-write; encrypted-media; gyroscope; picture-in-picture; web-share\" referrerpolicy=\"strict-origin-when-cross-origin\" allowfullscreen><\/iframe>\n<\/div><\/figure>\n\n\n\n<h2 class=\"wp-block-heading\">Comment calculer une moyenne, une \u00e9tendue , une m\u00e9diane?<\/h2>\n\n\n\n<figure class=\"wp-block-embed is-type-video is-provider-youtube wp-block-embed-youtube wp-embed-aspect-16-9 wp-has-aspect-ratio\"><div class=\"wp-block-embed__wrapper\">\n<iframe loading=\"lazy\" title=\"Calculer une moyenne, une m\u00e9diane, une \u00e9tendue (1) - Troisi\u00e8me\" width=\"580\" height=\"326\" src=\"https:\/\/www.youtube.com\/embed\/aO3pb-FEsbk?feature=oembed\" frameborder=\"0\" allow=\"accelerometer; autoplay; clipboard-write; encrypted-media; gyroscope; picture-in-picture; web-share\" referrerpolicy=\"strict-origin-when-cross-origin\" allowfullscreen><\/iframe>\n<\/div><\/figure>\n\n\n\n<figure class=\"wp-block-embed is-type-video is-provider-youtube wp-block-embed-youtube wp-embed-aspect-16-9 wp-has-aspect-ratio\"><div class=\"wp-block-embed__wrapper\">\n<iframe loading=\"lazy\" title=\"Calculer une moyenne, une m\u00e9diane, une \u00e9tendue (2) - Troisi\u00e8me\" width=\"580\" height=\"326\" src=\"https:\/\/www.youtube.com\/embed\/AcSxB_wedkU?feature=oembed\" frameborder=\"0\" allow=\"accelerometer; autoplay; clipboard-write; encrypted-media; gyroscope; picture-in-picture; web-share\" referrerpolicy=\"strict-origin-when-cross-origin\" allowfullscreen><\/iframe>\n<\/div><\/figure>\n\n\n\n<p><\/p>\n","protected":false},"excerpt":{"rendered":"<p>Comment calculer une moyenne ou une moyenne pond\u00e9r\u00e9e? Comment calculer une moyenne, une \u00e9tendue , une m\u00e9diane?<\/p>\n","protected":false},"author":1,"featured_media":0,"parent":508,"menu_order":0,"comment_status":"closed","ping_status":"closed","template":"","meta":{"footnotes":""},"class_list":["post-498","page","type-page","status-publish","hentry"],"_links":{"self":[{"href":"https:\/\/www.mathsaucollege.ovh\/index.php\/wp-json\/wp\/v2\/pages\/498","targetHints":{"allow":["GET"]}}],"collection":[{"href":"https:\/\/www.mathsaucollege.ovh\/index.php\/wp-json\/wp\/v2\/pages"}],"about":[{"href":"https:\/\/www.mathsaucollege.ovh\/index.php\/wp-json\/wp\/v2\/types\/page"}],"author":[{"embeddable":true,"href":"https:\/\/www.mathsaucollege.ovh\/index.php\/wp-json\/wp\/v2\/users\/1"}],"replies":[{"embeddable":true,"href":"https:\/\/www.mathsaucollege.ovh\/index.php\/wp-json\/wp\/v2\/comments?post=498"}],"version-history":[{"count":2,"href":"https:\/\/www.mathsaucollege.ovh\/index.php\/wp-json\/wp\/v2\/pages\/498\/revisions"}],"predecessor-version":[{"id":636,"href":"https:\/\/www.mathsaucollege.ovh\/index.php\/wp-json\/wp\/v2\/pages\/498\/revisions\/636"}],"up":[{"embeddable":true,"href":"https:\/\/www.mathsaucollege.ovh\/index.php\/wp-json\/wp\/v2\/pages\/508"}],"wp:attachment":[{"href":"https:\/\/www.mathsaucollege.ovh\/index.php\/wp-json\/wp\/v2\/media?parent=498"}],"curies":[{"name":"wp","href":"https:\/\/api.w.org\/{rel}","templated":true}]}}