{"id":552,"date":"2021-02-12T15:57:18","date_gmt":"2021-02-12T14:57:18","guid":{"rendered":"http:\/\/www.mathsaucollege.ovh\/?page_id=552"},"modified":"2021-04-06T09:36:13","modified_gmt":"2021-04-06T07:36:13","slug":"des-elements-de-correction","status":"publish","type":"page","link":"https:\/\/www.mathsaucollege.ovh\/index.php\/4eme\/4eme-calcul-litteral\/des-elements-de-correction\/","title":{"rendered":"Des \u00e9l\u00e9ments de correction"},"content":{"rendered":"\n<p>Pour progresser, il faut faire des erreurs &#8230; Puis les corriger.<\/p>\n\n\n\n<hr class=\"wp-block-separator has-text-color has-background has-accent-background-color has-accent-color is-style-wide\"\/>\n\n\n\n<h2 class=\"wp-block-heading\">Correction : Fiche 1 : Jeu de cartes<\/h2>\n\n\n\n<figure class=\"wp-block-image size-large is-resized\"><img loading=\"lazy\" decoding=\"async\" src=\"http:\/\/www.mathsaucollege.ovh\/wp-content\/uploads\/2021\/02\/Fiche1-Correction-724x1024.jpg\" alt=\"\" class=\"wp-image-559\" width=\"283\" height=\"399\" srcset=\"https:\/\/www.mathsaucollege.ovh\/wp-content\/uploads\/2021\/02\/Fiche1-Correction-724x1024.jpg 724w, https:\/\/www.mathsaucollege.ovh\/wp-content\/uploads\/2021\/02\/Fiche1-Correction-212x300.jpg 212w, https:\/\/www.mathsaucollege.ovh\/wp-content\/uploads\/2021\/02\/Fiche1-Correction-1200x1698.jpg 1200w, https:\/\/www.mathsaucollege.ovh\/wp-content\/uploads\/2021\/02\/Fiche1-Correction-1980x2802.jpg 1980w, https:\/\/www.mathsaucollege.ovh\/wp-content\/uploads\/2021\/02\/Fiche1-Correction-scaled.jpg 1809w\" sizes=\"auto, (max-width: 283px) 100vw, 283px\" \/><\/figure>\n\n\n\n<div class=\"wp-block-file\"><a href=\"http:\/\/www.mathsaucollege.ovh\/wp-content\/uploads\/2021\/02\/Fiche1_Jeu-de-cartes_Correction_Exercices.pdf\">Fiche1_Jeu-de-cartes_Correction_Exercices<\/a><a href=\"http:\/\/www.mathsaucollege.ovh\/wp-content\/uploads\/2021\/02\/Fiche1_Jeu-de-cartes_Correction_Exercices.pdf\" class=\"wp-block-file__button\" download>T\u00e9l\u00e9charger<\/a><\/div>\n\n\n\n<hr class=\"wp-block-separator has-text-color has-background has-accent-background-color has-accent-color is-style-wide\"\/>\n\n\n\n<h2 class=\"wp-block-heading\">Correction : Fiche 2 : Simplifier<\/h2>\n\n\n\n<figure class=\"wp-block-image size-large is-resized\"><img loading=\"lazy\" decoding=\"async\" src=\"http:\/\/www.mathsaucollege.ovh\/wp-content\/uploads\/2021\/02\/Fiche2_Correction-724x1024.jpg\" alt=\"\" class=\"wp-image-566\" width=\"303\" height=\"428\" srcset=\"https:\/\/www.mathsaucollege.ovh\/wp-content\/uploads\/2021\/02\/Fiche2_Correction-724x1024.jpg 724w, https:\/\/www.mathsaucollege.ovh\/wp-content\/uploads\/2021\/02\/Fiche2_Correction-212x300.jpg 212w, https:\/\/www.mathsaucollege.ovh\/wp-content\/uploads\/2021\/02\/Fiche2_Correction-768x1087.jpg 768w, https:\/\/www.mathsaucollege.ovh\/wp-content\/uploads\/2021\/02\/Fiche2_Correction-1085x1536.jpg 1085w, https:\/\/www.mathsaucollege.ovh\/wp-content\/uploads\/2021\/02\/Fiche2_Correction-1447x2048.jpg 1447w, https:\/\/www.mathsaucollege.ovh\/wp-content\/uploads\/2021\/02\/Fiche2_Correction-1200x1698.jpg 1200w, https:\/\/www.mathsaucollege.ovh\/wp-content\/uploads\/2021\/02\/Fiche2_Correction-1980x2802.jpg 1980w, https:\/\/www.mathsaucollege.ovh\/wp-content\/uploads\/2021\/02\/Fiche2_Correction-scaled.jpg 1809w\" sizes=\"auto, (max-width: 303px) 100vw, 303px\" \/><\/figure>\n\n\n\n<div class=\"wp-block-file\"><a href=\"http:\/\/www.mathsaucollege.ovh\/wp-content\/uploads\/2021\/02\/Fiche2_Simplification_ecriture_Correction.pdf\">Fiche2_Simplification_ecriture_Correction<\/a><a href=\"http:\/\/www.mathsaucollege.ovh\/wp-content\/uploads\/2021\/02\/Fiche2_Simplification_ecriture_Correction.pdf\" class=\"wp-block-file__button\" download>T\u00e9l\u00e9charger<\/a><\/div>\n\n\n\n<hr class=\"wp-block-separator has-text-color has-background has-accent-background-color has-accent-color is-style-wide\"\/>\n\n\n\n<h2 class=\"wp-block-heading\">Correction : Fiche 3 : Remplacer une lettre par une valeur<\/h2>\n\n\n\n<figure class=\"wp-block-image size-large is-resized\"><img loading=\"lazy\" decoding=\"async\" src=\"http:\/\/www.mathsaucollege.ovh\/wp-content\/uploads\/2021\/02\/Fiche-3-Correction-724x1024.jpg\" alt=\"\" class=\"wp-image-578\" width=\"303\" height=\"427\"\/><\/figure>\n\n\n\n<div class=\"wp-block-file\"><a href=\"http:\/\/www.mathsaucollege.ovh\/wp-content\/uploads\/2021\/02\/Fiche3_Remplacer-une-lettre-par-un-nombre_Correction.pdf\">Fiche3_Remplacer-une-lettre-par-un-nombre_Correction<\/a><a href=\"http:\/\/www.mathsaucollege.ovh\/wp-content\/uploads\/2021\/02\/Fiche3_Remplacer-une-lettre-par-un-nombre_Correction.pdf\" class=\"wp-block-file__button\" download>T\u00e9l\u00e9charger<\/a><\/div>\n\n\n\n<hr class=\"wp-block-separator has-text-color has-background has-accent-background-color has-accent-color is-style-wide\"\/>\n\n\n\n<h2 class=\"wp-block-heading\">Correction : Fiche 4 : R\u00e9duire une expression litt\u00e9rale Partie 1 : Je d\u00e9couvre<\/h2>\n\n\n\n<figure class=\"wp-block-image size-large\"><img loading=\"lazy\" decoding=\"async\" width=\"724\" height=\"1024\" src=\"http:\/\/www.mathsaucollege.ovh\/wp-content\/uploads\/2021\/02\/Fiche-4-Partie-1-Correction-724x1024.jpg\" alt=\"\" class=\"wp-image-588\" srcset=\"https:\/\/www.mathsaucollege.ovh\/wp-content\/uploads\/2021\/02\/Fiche-4-Partie-1-Correction-724x1024.jpg 724w, https:\/\/www.mathsaucollege.ovh\/wp-content\/uploads\/2021\/02\/Fiche-4-Partie-1-Correction-212x300.jpg 212w, https:\/\/www.mathsaucollege.ovh\/wp-content\/uploads\/2021\/02\/Fiche-4-Partie-1-Correction-768x1087.jpg 768w, https:\/\/www.mathsaucollege.ovh\/wp-content\/uploads\/2021\/02\/Fiche-4-Partie-1-Correction-1085x1536.jpg 1085w, https:\/\/www.mathsaucollege.ovh\/wp-content\/uploads\/2021\/02\/Fiche-4-Partie-1-Correction-1447x2048.jpg 1447w, https:\/\/www.mathsaucollege.ovh\/wp-content\/uploads\/2021\/02\/Fiche-4-Partie-1-Correction-1200x1698.jpg 1200w, https:\/\/www.mathsaucollege.ovh\/wp-content\/uploads\/2021\/02\/Fiche-4-Partie-1-Correction-1980x2802.jpg 1980w, https:\/\/www.mathsaucollege.ovh\/wp-content\/uploads\/2021\/02\/Fiche-4-Partie-1-Correction-scaled.jpg 1809w\" sizes=\"auto, (max-width: 724px) 100vw, 724px\" \/><\/figure>\n\n\n\n<div class=\"wp-block-file\"><a href=\"http:\/\/www.mathsaucollege.ovh\/wp-content\/uploads\/2021\/02\/Fiche-4_-Partie1_Reduire_Correction.pdf\">Fiche-4_-Partie1_Reduire_Correction<\/a><a href=\"http:\/\/www.mathsaucollege.ovh\/wp-content\/uploads\/2021\/02\/Fiche-4_-Partie1_Reduire_Correction.pdf\" class=\"wp-block-file__button\" download>T\u00e9l\u00e9charger<\/a><\/div>\n\n\n\n<hr class=\"wp-block-separator has-text-color has-background has-accent-background-color has-accent-color is-style-wide\"\/>\n\n\n\n<h2 class=\"wp-block-heading\">Correction : Fiche 4 : R\u00e9duire une expression litt\u00e9rale Partie 2 : Exercices<\/h2>\n\n\n\n<figure class=\"wp-block-image size-large is-resized\"><img loading=\"lazy\" decoding=\"async\" src=\"http:\/\/www.mathsaucollege.ovh\/wp-content\/uploads\/2021\/02\/Fiche-4-Partie-2-Correction-724x1024.jpg\" alt=\"\" class=\"wp-image-592\" width=\"289\" height=\"408\" srcset=\"https:\/\/www.mathsaucollege.ovh\/wp-content\/uploads\/2021\/02\/Fiche-4-Partie-2-Correction-724x1024.jpg 724w, https:\/\/www.mathsaucollege.ovh\/wp-content\/uploads\/2021\/02\/Fiche-4-Partie-2-Correction-212x300.jpg 212w, https:\/\/www.mathsaucollege.ovh\/wp-content\/uploads\/2021\/02\/Fiche-4-Partie-2-Correction-768x1087.jpg 768w, https:\/\/www.mathsaucollege.ovh\/wp-content\/uploads\/2021\/02\/Fiche-4-Partie-2-Correction-1085x1536.jpg 1085w, https:\/\/www.mathsaucollege.ovh\/wp-content\/uploads\/2021\/02\/Fiche-4-Partie-2-Correction-1447x2048.jpg 1447w, https:\/\/www.mathsaucollege.ovh\/wp-content\/uploads\/2021\/02\/Fiche-4-Partie-2-Correction-1200x1698.jpg 1200w, https:\/\/www.mathsaucollege.ovh\/wp-content\/uploads\/2021\/02\/Fiche-4-Partie-2-Correction-1980x2802.jpg 1980w, https:\/\/www.mathsaucollege.ovh\/wp-content\/uploads\/2021\/02\/Fiche-4-Partie-2-Correction-scaled.jpg 1809w\" sizes=\"auto, (max-width: 289px) 100vw, 289px\" \/><\/figure>\n\n\n\n<div class=\"wp-block-file\"><a href=\"http:\/\/www.mathsaucollege.ovh\/wp-content\/uploads\/2021\/02\/Fiche4_Partie2_Reduire_Correction.pdf\">Fiche4_Partie2_Reduire_Correction<\/a><a href=\"http:\/\/www.mathsaucollege.ovh\/wp-content\/uploads\/2021\/02\/Fiche4_Partie2_Reduire_Correction.pdf\" class=\"wp-block-file__button\" download>T\u00e9l\u00e9charger<\/a><\/div>\n\n\n\n<hr class=\"wp-block-separator has-text-color has-background has-accent-background-color has-accent-color is-style-wide\"\/>\n\n\n\n<h2 class=\"wp-block-heading\">Correction :Fiche 5 : Distributivit\u00e9 : Partie 1 : Je d\u00e9couvre<\/h2>\n\n\n\n<figure class=\"wp-block-image size-large is-resized\"><img loading=\"lazy\" decoding=\"async\" src=\"http:\/\/www.mathsaucollege.ovh\/wp-content\/uploads\/2021\/02\/Fiche-5-Partie-1-Correction-724x1024.jpg\" alt=\"\" class=\"wp-image-602\" width=\"317\" height=\"448\" srcset=\"https:\/\/www.mathsaucollege.ovh\/wp-content\/uploads\/2021\/02\/Fiche-5-Partie-1-Correction-724x1024.jpg 724w, https:\/\/www.mathsaucollege.ovh\/wp-content\/uploads\/2021\/02\/Fiche-5-Partie-1-Correction-212x300.jpg 212w, https:\/\/www.mathsaucollege.ovh\/wp-content\/uploads\/2021\/02\/Fiche-5-Partie-1-Correction-768x1087.jpg 768w, https:\/\/www.mathsaucollege.ovh\/wp-content\/uploads\/2021\/02\/Fiche-5-Partie-1-Correction-1085x1536.jpg 1085w, https:\/\/www.mathsaucollege.ovh\/wp-content\/uploads\/2021\/02\/Fiche-5-Partie-1-Correction-1447x2048.jpg 1447w, https:\/\/www.mathsaucollege.ovh\/wp-content\/uploads\/2021\/02\/Fiche-5-Partie-1-Correction-1200x1698.jpg 1200w, https:\/\/www.mathsaucollege.ovh\/wp-content\/uploads\/2021\/02\/Fiche-5-Partie-1-Correction-1980x2802.jpg 1980w, https:\/\/www.mathsaucollege.ovh\/wp-content\/uploads\/2021\/02\/Fiche-5-Partie-1-Correction-scaled.jpg 1809w\" sizes=\"auto, (max-width: 317px) 100vw, 317px\" \/><\/figure>\n\n\n\n<div class=\"wp-block-file\"><a href=\"http:\/\/www.mathsaucollege.ovh\/wp-content\/uploads\/2021\/02\/Fiche-5_Partie1_Distributivite_Correction.pdf\">Fiche-5_Partie1_Distributivite_Correction<\/a><a href=\"http:\/\/www.mathsaucollege.ovh\/wp-content\/uploads\/2021\/02\/Fiche-5_Partie1_Distributivite_Correction.pdf\" class=\"wp-block-file__button\" download>T\u00e9l\u00e9charger<\/a><\/div>\n\n\n\n<hr class=\"wp-block-separator has-text-color has-background has-accent-background-color has-accent-color is-style-wide\"\/>\n\n\n\n<h2 class=\"wp-block-heading\">Correction :Fiche 5 : Distributivit\u00e9 : Partie 2: Exercices<\/h2>\n\n\n\n<figure class=\"wp-block-image size-large is-resized\"><img loading=\"lazy\" decoding=\"async\" src=\"http:\/\/www.mathsaucollege.ovh\/wp-content\/uploads\/2021\/02\/Fiche-5-Partie-2-Correction-724x1024.jpg\" alt=\"\" class=\"wp-image-606\" width=\"300\" height=\"424\" srcset=\"https:\/\/www.mathsaucollege.ovh\/wp-content\/uploads\/2021\/02\/Fiche-5-Partie-2-Correction-724x1024.jpg 724w, https:\/\/www.mathsaucollege.ovh\/wp-content\/uploads\/2021\/02\/Fiche-5-Partie-2-Correction-212x300.jpg 212w, https:\/\/www.mathsaucollege.ovh\/wp-content\/uploads\/2021\/02\/Fiche-5-Partie-2-Correction-768x1087.jpg 768w, https:\/\/www.mathsaucollege.ovh\/wp-content\/uploads\/2021\/02\/Fiche-5-Partie-2-Correction-1085x1536.jpg 1085w, https:\/\/www.mathsaucollege.ovh\/wp-content\/uploads\/2021\/02\/Fiche-5-Partie-2-Correction-1447x2048.jpg 1447w, https:\/\/www.mathsaucollege.ovh\/wp-content\/uploads\/2021\/02\/Fiche-5-Partie-2-Correction-1200x1698.jpg 1200w, https:\/\/www.mathsaucollege.ovh\/wp-content\/uploads\/2021\/02\/Fiche-5-Partie-2-Correction-1980x2802.jpg 1980w, https:\/\/www.mathsaucollege.ovh\/wp-content\/uploads\/2021\/02\/Fiche-5-Partie-2-Correction-scaled.jpg 1809w\" sizes=\"auto, (max-width: 300px) 100vw, 300px\" \/><\/figure>\n\n\n\n<div class=\"wp-block-file\"><a href=\"http:\/\/www.mathsaucollege.ovh\/wp-content\/uploads\/2021\/02\/Fiche-5_Partie2_Distributivite_Correction.pdf\">Fiche-5_Partie2_Distributivite_Correction<\/a><a href=\"http:\/\/www.mathsaucollege.ovh\/wp-content\/uploads\/2021\/02\/Fiche-5_Partie2_Distributivite_Correction.pdf\" class=\"wp-block-file__button\" download>T\u00e9l\u00e9charger<\/a><\/div>\n\n\n\n<hr class=\"wp-block-separator has-text-color has-background has-accent-background-color has-accent-color is-style-wide\"\/>\n\n\n\n<h2 class=\"wp-block-heading\">Correction :Fiche 6 : Supprimer des parenth\u00e8ses : Partie 1 : Je d\u00e9couvre<\/h2>\n\n\n\n<figure class=\"wp-block-image size-large is-resized\"><img loading=\"lazy\" decoding=\"async\" src=\"http:\/\/www.mathsaucollege.ovh\/wp-content\/uploads\/2021\/02\/Fiche-6-Supprimer-des-parentheses-Partie-1Correction-724x1024.jpg\" alt=\"\" class=\"wp-image-616\" width=\"278\" height=\"393\" srcset=\"https:\/\/www.mathsaucollege.ovh\/wp-content\/uploads\/2021\/02\/Fiche-6-Supprimer-des-parentheses-Partie-1Correction-724x1024.jpg 724w, https:\/\/www.mathsaucollege.ovh\/wp-content\/uploads\/2021\/02\/Fiche-6-Supprimer-des-parentheses-Partie-1Correction-212x300.jpg 212w, https:\/\/www.mathsaucollege.ovh\/wp-content\/uploads\/2021\/02\/Fiche-6-Supprimer-des-parentheses-Partie-1Correction-768x1087.jpg 768w, https:\/\/www.mathsaucollege.ovh\/wp-content\/uploads\/2021\/02\/Fiche-6-Supprimer-des-parentheses-Partie-1Correction-1085x1536.jpg 1085w, https:\/\/www.mathsaucollege.ovh\/wp-content\/uploads\/2021\/02\/Fiche-6-Supprimer-des-parentheses-Partie-1Correction-1447x2048.jpg 1447w, https:\/\/www.mathsaucollege.ovh\/wp-content\/uploads\/2021\/02\/Fiche-6-Supprimer-des-parentheses-Partie-1Correction-1200x1698.jpg 1200w, https:\/\/www.mathsaucollege.ovh\/wp-content\/uploads\/2021\/02\/Fiche-6-Supprimer-des-parentheses-Partie-1Correction-1980x2802.jpg 1980w, https:\/\/www.mathsaucollege.ovh\/wp-content\/uploads\/2021\/02\/Fiche-6-Supprimer-des-parentheses-Partie-1Correction-scaled.jpg 1809w\" sizes=\"auto, (max-width: 278px) 100vw, 278px\" \/><\/figure>\n\n\n\n<div class=\"wp-block-file\"><a href=\"http:\/\/www.mathsaucollege.ovh\/wp-content\/uploads\/2021\/02\/Fiche-6_Supprimer-des-parentheses_Partie1_Correction.pdf\">Fiche-6_Supprimer-des-parentheses_Partie1_Correction<\/a><a href=\"http:\/\/www.mathsaucollege.ovh\/wp-content\/uploads\/2021\/02\/Fiche-6_Supprimer-des-parentheses_Partie1_Correction.pdf\" class=\"wp-block-file__button\" download>T\u00e9l\u00e9charger<\/a><\/div>\n\n\n\n<hr class=\"wp-block-separator has-text-color has-background has-accent-background-color has-accent-color is-style-wide\"\/>\n\n\n\n<h2 class=\"wp-block-heading\">Correction :Fiche 6 : Supprimer des parenth\u00e8ses : Partie 2 : Exercices<\/h2>\n\n\n\n<figure class=\"wp-block-image size-large is-resized\"><img loading=\"lazy\" decoding=\"async\" src=\"http:\/\/www.mathsaucollege.ovh\/wp-content\/uploads\/2021\/02\/Fiche-6-Supprimer-des-parentheses-Partie-2-Correction-724x1024.jpg\" alt=\"\" class=\"wp-image-618\" width=\"311\" height=\"439\" srcset=\"https:\/\/www.mathsaucollege.ovh\/wp-content\/uploads\/2021\/02\/Fiche-6-Supprimer-des-parentheses-Partie-2-Correction-724x1024.jpg 724w, https:\/\/www.mathsaucollege.ovh\/wp-content\/uploads\/2021\/02\/Fiche-6-Supprimer-des-parentheses-Partie-2-Correction-212x300.jpg 212w, https:\/\/www.mathsaucollege.ovh\/wp-content\/uploads\/2021\/02\/Fiche-6-Supprimer-des-parentheses-Partie-2-Correction-768x1087.jpg 768w, https:\/\/www.mathsaucollege.ovh\/wp-content\/uploads\/2021\/02\/Fiche-6-Supprimer-des-parentheses-Partie-2-Correction-1085x1536.jpg 1085w, https:\/\/www.mathsaucollege.ovh\/wp-content\/uploads\/2021\/02\/Fiche-6-Supprimer-des-parentheses-Partie-2-Correction-1447x2048.jpg 1447w, https:\/\/www.mathsaucollege.ovh\/wp-content\/uploads\/2021\/02\/Fiche-6-Supprimer-des-parentheses-Partie-2-Correction-1200x1698.jpg 1200w, https:\/\/www.mathsaucollege.ovh\/wp-content\/uploads\/2021\/02\/Fiche-6-Supprimer-des-parentheses-Partie-2-Correction-1980x2802.jpg 1980w, https:\/\/www.mathsaucollege.ovh\/wp-content\/uploads\/2021\/02\/Fiche-6-Supprimer-des-parentheses-Partie-2-Correction-scaled.jpg 1809w\" sizes=\"auto, (max-width: 311px) 100vw, 311px\" \/><\/figure>\n\n\n\n<div class=\"wp-block-file\"><a href=\"http:\/\/www.mathsaucollege.ovh\/wp-content\/uploads\/2021\/02\/Fiche-6_Partie2_Supprimer-des-parentheses_Correction.pdf\">Fiche-6_Partie2_Supprimer-des-parentheses_Correction<\/a><a href=\"http:\/\/www.mathsaucollege.ovh\/wp-content\/uploads\/2021\/02\/Fiche-6_Partie2_Supprimer-des-parentheses_Correction.pdf\" class=\"wp-block-file__button\" download>T\u00e9l\u00e9charger<\/a><\/div>\n\n\n\n<hr class=\"wp-block-separator has-text-color has-background has-accent-background-color has-accent-color is-style-wide\"\/>\n\n\n\n<h2 class=\"wp-block-heading\">Correction :Fiche 7 : Tester une \u00e9galit\u00e9<\/h2>\n\n\n\n<figure class=\"wp-block-image size-large\"><img loading=\"lazy\" decoding=\"async\" width=\"724\" height=\"1024\" src=\"http:\/\/www.mathsaucollege.ovh\/wp-content\/uploads\/2021\/04\/Fiche7_Correction-724x1024.jpg\" alt=\"\" class=\"wp-image-710\" srcset=\"https:\/\/www.mathsaucollege.ovh\/wp-content\/uploads\/2021\/04\/Fiche7_Correction-724x1024.jpg 724w, https:\/\/www.mathsaucollege.ovh\/wp-content\/uploads\/2021\/04\/Fiche7_Correction-212x300.jpg 212w, https:\/\/www.mathsaucollege.ovh\/wp-content\/uploads\/2021\/04\/Fiche7_Correction-768x1087.jpg 768w, https:\/\/www.mathsaucollege.ovh\/wp-content\/uploads\/2021\/04\/Fiche7_Correction-1085x1536.jpg 1085w, https:\/\/www.mathsaucollege.ovh\/wp-content\/uploads\/2021\/04\/Fiche7_Correction-1447x2048.jpg 1447w, https:\/\/www.mathsaucollege.ovh\/wp-content\/uploads\/2021\/04\/Fiche7_Correction-1200x1698.jpg 1200w, https:\/\/www.mathsaucollege.ovh\/wp-content\/uploads\/2021\/04\/Fiche7_Correction-1980x2802.jpg 1980w, https:\/\/www.mathsaucollege.ovh\/wp-content\/uploads\/2021\/04\/Fiche7_Correction-scaled.jpg 1809w\" sizes=\"auto, (max-width: 724px) 100vw, 724px\" \/><\/figure>\n\n\n\n<div class=\"wp-block-file\"><a href=\"http:\/\/www.mathsaucollege.ovh\/wp-content\/uploads\/2021\/04\/Fiche-7_Tester_des_egalites_Correction.pdf\">Fiche-7_Tester_des_egalites_Correction<\/a><a href=\"http:\/\/www.mathsaucollege.ovh\/wp-content\/uploads\/2021\/04\/Fiche-7_Tester_des_egalites_Correction.pdf\" class=\"wp-block-file__button\" download>T\u00e9l\u00e9charger<\/a><\/div>\n\n\n\n<p>__________________________________________________________<\/p>\n\n\n\n<p><\/p>\n","protected":false},"excerpt":{"rendered":"<p>Pour progresser, il faut faire des erreurs &#8230; Puis les corriger. Correction : Fiche 1 : Jeu de cartes Correction : Fiche 2 : Simplifier Correction : Fiche 3 : Remplacer une lettre par une valeur Correction : Fiche 4 : R\u00e9duire une expression litt\u00e9rale Partie 1 : Je d\u00e9couvre Correction : Fiche 4 : [&hellip;]<\/p>\n","protected":false},"author":1,"featured_media":0,"parent":541,"menu_order":0,"comment_status":"closed","ping_status":"closed","template":"","meta":{"footnotes":""},"class_list":["post-552","page","type-page","status-publish","hentry"],"_links":{"self":[{"href":"https:\/\/www.mathsaucollege.ovh\/index.php\/wp-json\/wp\/v2\/pages\/552","targetHints":{"allow":["GET"]}}],"collection":[{"href":"https:\/\/www.mathsaucollege.ovh\/index.php\/wp-json\/wp\/v2\/pages"}],"about":[{"href":"https:\/\/www.mathsaucollege.ovh\/index.php\/wp-json\/wp\/v2\/types\/page"}],"author":[{"embeddable":true,"href":"https:\/\/www.mathsaucollege.ovh\/index.php\/wp-json\/wp\/v2\/users\/1"}],"replies":[{"embeddable":true,"href":"https:\/\/www.mathsaucollege.ovh\/index.php\/wp-json\/wp\/v2\/comments?post=552"}],"version-history":[{"count":13,"href":"https:\/\/www.mathsaucollege.ovh\/index.php\/wp-json\/wp\/v2\/pages\/552\/revisions"}],"predecessor-version":[{"id":711,"href":"https:\/\/www.mathsaucollege.ovh\/index.php\/wp-json\/wp\/v2\/pages\/552\/revisions\/711"}],"up":[{"embeddable":true,"href":"https:\/\/www.mathsaucollege.ovh\/index.php\/wp-json\/wp\/v2\/pages\/541"}],"wp:attachment":[{"href":"https:\/\/www.mathsaucollege.ovh\/index.php\/wp-json\/wp\/v2\/media?parent=552"}],"curies":[{"name":"wp","href":"https:\/\/api.w.org\/{rel}","templated":true}]}}