{"id":678,"date":"2021-04-05T18:56:20","date_gmt":"2021-04-05T16:56:20","guid":{"rendered":"http:\/\/www.mathsaucollege.ovh\/?page_id=678"},"modified":"2021-05-05T16:58:27","modified_gmt":"2021-05-05T14:58:27","slug":"les-activites-et-les-exercices","status":"publish","type":"page","link":"https:\/\/www.mathsaucollege.ovh\/index.php\/3eme\/3eme-calcul-litteral-partie-2\/les-activites-et-les-exercices\/","title":{"rendered":"Les activit\u00e9s et les exercices"},"content":{"rendered":"\n<p>Pour bien assimiler une notion, il faut la mettre en pratique.<\/p>\n\n\n\n<p>__________________________________________________________<\/p>\n\n\n\n<h2 class=\"wp-block-heading\">Fiche 1 : Retour sur les techniques de d\u00e9veloppement<\/h2>\n\n\n\n<figure class=\"wp-block-image size-large\"><img loading=\"lazy\" decoding=\"async\" width=\"724\" height=\"1024\" src=\"http:\/\/www.mathsaucollege.ovh\/wp-content\/uploads\/2021\/04\/Fiche1-724x1024.jpg\" alt=\"\" class=\"wp-image-684\" srcset=\"https:\/\/www.mathsaucollege.ovh\/wp-content\/uploads\/2021\/04\/Fiche1-724x1024.jpg 724w, https:\/\/www.mathsaucollege.ovh\/wp-content\/uploads\/2021\/04\/Fiche1-212x300.jpg 212w, https:\/\/www.mathsaucollege.ovh\/wp-content\/uploads\/2021\/04\/Fiche1-768x1087.jpg 768w, https:\/\/www.mathsaucollege.ovh\/wp-content\/uploads\/2021\/04\/Fiche1-1085x1536.jpg 1085w, https:\/\/www.mathsaucollege.ovh\/wp-content\/uploads\/2021\/04\/Fiche1-1447x2048.jpg 1447w, https:\/\/www.mathsaucollege.ovh\/wp-content\/uploads\/2021\/04\/Fiche1-1200x1698.jpg 1200w, https:\/\/www.mathsaucollege.ovh\/wp-content\/uploads\/2021\/04\/Fiche1-1980x2802.jpg 1980w, https:\/\/www.mathsaucollege.ovh\/wp-content\/uploads\/2021\/04\/Fiche1-scaled.jpg 1809w\" sizes=\"auto, (max-width: 724px) 100vw, 724px\" \/><\/figure>\n\n\n\n<div class=\"wp-block-file\"><a href=\"http:\/\/www.mathsaucollege.ovh\/wp-content\/uploads\/2021\/04\/Fiche-1_Bilan_Developpement.pdf\">Fiche-1_Bilan_Developpement<\/a><a href=\"http:\/\/www.mathsaucollege.ovh\/wp-content\/uploads\/2021\/04\/Fiche-1_Bilan_Developpement.pdf\" class=\"wp-block-file__button\" download>T\u00e9l\u00e9charger<\/a><\/div>\n\n\n\n<p>__________________________________________________________<\/p>\n\n\n\n<p><\/p>\n\n\n\n<h2 class=\"wp-block-heading\">Fiche 6 : Factoriser une expression num\u00e9rique<\/h2>\n\n\n\n<figure class=\"wp-block-image size-large is-resized\"><img loading=\"lazy\" decoding=\"async\" src=\"http:\/\/www.mathsaucollege.ovh\/wp-content\/uploads\/2021\/04\/Fiche6_Image-724x1024.jpg\" alt=\"\" class=\"wp-image-685\" width=\"322\" height=\"455\" srcset=\"https:\/\/www.mathsaucollege.ovh\/wp-content\/uploads\/2021\/04\/Fiche6_Image-724x1024.jpg 724w, https:\/\/www.mathsaucollege.ovh\/wp-content\/uploads\/2021\/04\/Fiche6_Image-212x300.jpg 212w, https:\/\/www.mathsaucollege.ovh\/wp-content\/uploads\/2021\/04\/Fiche6_Image-768x1086.jpg 768w, https:\/\/www.mathsaucollege.ovh\/wp-content\/uploads\/2021\/04\/Fiche6_Image-1086x1536.jpg 1086w, https:\/\/www.mathsaucollege.ovh\/wp-content\/uploads\/2021\/04\/Fiche6_Image-1448x2048.jpg 1448w, https:\/\/www.mathsaucollege.ovh\/wp-content\/uploads\/2021\/04\/Fiche6_Image-1200x1697.jpg 1200w, https:\/\/www.mathsaucollege.ovh\/wp-content\/uploads\/2021\/04\/Fiche6_Image-1980x2801.jpg 1980w, https:\/\/www.mathsaucollege.ovh\/wp-content\/uploads\/2021\/04\/Fiche6_Image-scaled.jpg 1810w\" sizes=\"auto, (max-width: 322px) 100vw, 322px\" \/><\/figure>\n\n\n\n<div class=\"wp-block-file\"><a href=\"http:\/\/www.mathsaucollege.ovh\/wp-content\/uploads\/2021\/04\/Fiche6_Factoriser-une-expression-numerique.pdf\">Fiche6_Factoriser-une-expression-numerique<\/a><a href=\"http:\/\/www.mathsaucollege.ovh\/wp-content\/uploads\/2021\/04\/Fiche6_Factoriser-une-expression-numerique.pdf\" class=\"wp-block-file__button\" download>T\u00e9l\u00e9charger<\/a><\/div>\n\n\n\n<p>__________________________________________________________<\/p>\n\n\n\n<h2 class=\"wp-block-heading\">Fiche 7 : Factoriser une expression litt\u00e9rale .<br>M\u00e9thode 1 : Par un facteur commun<\/h2>\n\n\n\n<figure class=\"wp-block-image size-large\"><img loading=\"lazy\" decoding=\"async\" width=\"724\" height=\"1024\" src=\"http:\/\/www.mathsaucollege.ovh\/wp-content\/uploads\/2021\/04\/Fiche7-724x1024.jpg\" alt=\"\" class=\"wp-image-686\" srcset=\"https:\/\/www.mathsaucollege.ovh\/wp-content\/uploads\/2021\/04\/Fiche7-724x1024.jpg 724w, https:\/\/www.mathsaucollege.ovh\/wp-content\/uploads\/2021\/04\/Fiche7-212x300.jpg 212w, https:\/\/www.mathsaucollege.ovh\/wp-content\/uploads\/2021\/04\/Fiche7-768x1087.jpg 768w, https:\/\/www.mathsaucollege.ovh\/wp-content\/uploads\/2021\/04\/Fiche7-1085x1536.jpg 1085w, https:\/\/www.mathsaucollege.ovh\/wp-content\/uploads\/2021\/04\/Fiche7-1447x2048.jpg 1447w, https:\/\/www.mathsaucollege.ovh\/wp-content\/uploads\/2021\/04\/Fiche7-1200x1698.jpg 1200w, https:\/\/www.mathsaucollege.ovh\/wp-content\/uploads\/2021\/04\/Fiche7-1980x2802.jpg 1980w, https:\/\/www.mathsaucollege.ovh\/wp-content\/uploads\/2021\/04\/Fiche7-scaled.jpg 1809w\" sizes=\"auto, (max-width: 724px) 100vw, 724px\" \/><\/figure>\n\n\n\n<div class=\"wp-block-file\"><a href=\"http:\/\/www.mathsaucollege.ovh\/wp-content\/uploads\/2021\/04\/fiche-7_Factoriser_Facteur_commun.pdf\">fiche-7_Factoriser_Facteur_commun<\/a><a href=\"http:\/\/www.mathsaucollege.ovh\/wp-content\/uploads\/2021\/04\/fiche-7_Factoriser_Facteur_commun.pdf\" class=\"wp-block-file__button\" download>T\u00e9l\u00e9charger<\/a><\/div>\n\n\n\n<p>__________________________________________________________<\/p>\n\n\n\n<h2 class=\"wp-block-heading\">Fiche 8 : Factoriser une expression litt\u00e9rale .<br>M\u00e9thode 2 : Par une identit\u00e9 remarquable<\/h2>\n\n\n\n<figure class=\"wp-block-image size-large is-resized\"><img loading=\"lazy\" decoding=\"async\" src=\"http:\/\/www.mathsaucollege.ovh\/wp-content\/uploads\/2021\/04\/Fiche8-724x1024.jpg\" alt=\"\" class=\"wp-image-687\" width=\"330\" height=\"466\" srcset=\"https:\/\/www.mathsaucollege.ovh\/wp-content\/uploads\/2021\/04\/Fiche8-724x1024.jpg 724w, https:\/\/www.mathsaucollege.ovh\/wp-content\/uploads\/2021\/04\/Fiche8-212x300.jpg 212w, https:\/\/www.mathsaucollege.ovh\/wp-content\/uploads\/2021\/04\/Fiche8-768x1087.jpg 768w, https:\/\/www.mathsaucollege.ovh\/wp-content\/uploads\/2021\/04\/Fiche8-1085x1536.jpg 1085w, https:\/\/www.mathsaucollege.ovh\/wp-content\/uploads\/2021\/04\/Fiche8-1447x2048.jpg 1447w, https:\/\/www.mathsaucollege.ovh\/wp-content\/uploads\/2021\/04\/Fiche8-1200x1698.jpg 1200w, https:\/\/www.mathsaucollege.ovh\/wp-content\/uploads\/2021\/04\/Fiche8-1980x2802.jpg 1980w, https:\/\/www.mathsaucollege.ovh\/wp-content\/uploads\/2021\/04\/Fiche8-scaled.jpg 1809w\" sizes=\"auto, (max-width: 330px) 100vw, 330px\" \/><\/figure>\n\n\n\n<div class=\"wp-block-file\"><a href=\"http:\/\/www.mathsaucollege.ovh\/wp-content\/uploads\/2021\/04\/Fiche8_Factorisation-identites.pdf\">Fiche8_Factorisation-identites<\/a><a href=\"http:\/\/www.mathsaucollege.ovh\/wp-content\/uploads\/2021\/04\/Fiche8_Factorisation-identites.pdf\" class=\"wp-block-file__button\" download>T\u00e9l\u00e9charger_<\/a><\/div>\n\n\n\n<p>__________________________________________________________<\/p>\n\n\n\n<h2 class=\"wp-block-heading\">Fiche 9 : Vers les \u00e9quations produit.<\/h2>\n\n\n\n<figure class=\"wp-block-image size-large is-resized\"><img loading=\"lazy\" decoding=\"async\" src=\"http:\/\/www.mathsaucollege.ovh\/wp-content\/uploads\/2021\/04\/Fiche9-724x1024.jpg\" alt=\"\" class=\"wp-image-688\" width=\"339\" height=\"479\" srcset=\"https:\/\/www.mathsaucollege.ovh\/wp-content\/uploads\/2021\/04\/Fiche9-724x1024.jpg 724w, https:\/\/www.mathsaucollege.ovh\/wp-content\/uploads\/2021\/04\/Fiche9-212x300.jpg 212w, https:\/\/www.mathsaucollege.ovh\/wp-content\/uploads\/2021\/04\/Fiche9-768x1086.jpg 768w, https:\/\/www.mathsaucollege.ovh\/wp-content\/uploads\/2021\/04\/Fiche9-1086x1536.jpg 1086w, https:\/\/www.mathsaucollege.ovh\/wp-content\/uploads\/2021\/04\/Fiche9-1448x2048.jpg 1448w, https:\/\/www.mathsaucollege.ovh\/wp-content\/uploads\/2021\/04\/Fiche9-1200x1697.jpg 1200w, https:\/\/www.mathsaucollege.ovh\/wp-content\/uploads\/2021\/04\/Fiche9-1980x2801.jpg 1980w, https:\/\/www.mathsaucollege.ovh\/wp-content\/uploads\/2021\/04\/Fiche9-scaled.jpg 1810w\" sizes=\"auto, (max-width: 339px) 100vw, 339px\" \/><\/figure>\n\n\n\n<div class=\"wp-block-file\"><a href=\"http:\/\/www.mathsaucollege.ovh\/wp-content\/uploads\/2021\/04\/Fiche9_Equation_produit.pdf\">Fiche9_Equation_produit<\/a><a href=\"http:\/\/www.mathsaucollege.ovh\/wp-content\/uploads\/2021\/04\/Fiche9_Equation_produit.pdf\" class=\"wp-block-file__button\" download>T\u00e9l\u00e9charger<\/a><\/div>\n\n\n\n<hr class=\"wp-block-separator has-text-color has-background has-accent-background-color has-accent-color is-style-wide\"\/>\n\n\n\n<h2 class=\"wp-block-heading\">Fiche 10: Exercices bilan<\/h2>\n\n\n\n<figure class=\"wp-block-image size-large is-resized\"><img loading=\"lazy\" decoding=\"async\" src=\"http:\/\/www.mathsaucollege.ovh\/wp-content\/uploads\/2021\/05\/Image_Fiche10-724x1024.jpg\" alt=\"\" class=\"wp-image-734\" width=\"233\" height=\"329\" srcset=\"https:\/\/www.mathsaucollege.ovh\/wp-content\/uploads\/2021\/05\/Image_Fiche10-724x1024.jpg 724w, https:\/\/www.mathsaucollege.ovh\/wp-content\/uploads\/2021\/05\/Image_Fiche10-212x300.jpg 212w, https:\/\/www.mathsaucollege.ovh\/wp-content\/uploads\/2021\/05\/Image_Fiche10-768x1087.jpg 768w, https:\/\/www.mathsaucollege.ovh\/wp-content\/uploads\/2021\/05\/Image_Fiche10-1085x1536.jpg 1085w, https:\/\/www.mathsaucollege.ovh\/wp-content\/uploads\/2021\/05\/Image_Fiche10-1447x2048.jpg 1447w, https:\/\/www.mathsaucollege.ovh\/wp-content\/uploads\/2021\/05\/Image_Fiche10-1200x1698.jpg 1200w, https:\/\/www.mathsaucollege.ovh\/wp-content\/uploads\/2021\/05\/Image_Fiche10-1980x2802.jpg 1980w, https:\/\/www.mathsaucollege.ovh\/wp-content\/uploads\/2021\/05\/Image_Fiche10-scaled.jpg 1809w\" sizes=\"auto, (max-width: 233px) 100vw, 233px\" \/><\/figure>\n\n\n\n<div class=\"wp-block-file\"><a href=\"http:\/\/www.mathsaucollege.ovh\/wp-content\/uploads\/2021\/05\/3eme_Calcul_litteral_Partie2_Fiche10_Brevet.pdf\">Fiche10_Exercices_Bilan_Brevet<\/a><a href=\"http:\/\/www.mathsaucollege.ovh\/wp-content\/uploads\/2021\/05\/3eme_Calcul_litteral_Partie2_Fiche10_Brevet.pdf\" class=\"wp-block-file__button\" download>T\u00e9l\u00e9charger<\/a><\/div>\n\n\n\n<p><\/p>\n","protected":false},"excerpt":{"rendered":"<p>Pour bien assimiler une notion, il faut la mettre en pratique. __________________________________________________________ Fiche 1 : Retour sur les techniques de d\u00e9veloppement __________________________________________________________ Fiche 6 : Factoriser une expression num\u00e9rique __________________________________________________________ Fiche 7 : Factoriser une expression litt\u00e9rale .M\u00e9thode 1 : Par un facteur commun __________________________________________________________ Fiche 8 : Factoriser une expression litt\u00e9rale .M\u00e9thode 2 : [&hellip;]<\/p>\n","protected":false},"author":1,"featured_media":0,"parent":676,"menu_order":0,"comment_status":"closed","ping_status":"closed","template":"","meta":{"footnotes":""},"class_list":["post-678","page","type-page","status-publish","hentry"],"_links":{"self":[{"href":"https:\/\/www.mathsaucollege.ovh\/index.php\/wp-json\/wp\/v2\/pages\/678","targetHints":{"allow":["GET"]}}],"collection":[{"href":"https:\/\/www.mathsaucollege.ovh\/index.php\/wp-json\/wp\/v2\/pages"}],"about":[{"href":"https:\/\/www.mathsaucollege.ovh\/index.php\/wp-json\/wp\/v2\/types\/page"}],"author":[{"embeddable":true,"href":"https:\/\/www.mathsaucollege.ovh\/index.php\/wp-json\/wp\/v2\/users\/1"}],"replies":[{"embeddable":true,"href":"https:\/\/www.mathsaucollege.ovh\/index.php\/wp-json\/wp\/v2\/comments?post=678"}],"version-history":[{"count":4,"href":"https:\/\/www.mathsaucollege.ovh\/index.php\/wp-json\/wp\/v2\/pages\/678\/revisions"}],"predecessor-version":[{"id":736,"href":"https:\/\/www.mathsaucollege.ovh\/index.php\/wp-json\/wp\/v2\/pages\/678\/revisions\/736"}],"up":[{"embeddable":true,"href":"https:\/\/www.mathsaucollege.ovh\/index.php\/wp-json\/wp\/v2\/pages\/676"}],"wp:attachment":[{"href":"https:\/\/www.mathsaucollege.ovh\/index.php\/wp-json\/wp\/v2\/media?parent=678"}],"curies":[{"name":"wp","href":"https:\/\/api.w.org\/{rel}","templated":true}]}}