{"id":72,"date":"2020-09-03T18:53:31","date_gmt":"2020-09-03T16:53:31","guid":{"rendered":"http:\/\/www.mathsaucollege.ovh\/?page_id=72"},"modified":"2024-08-25T17:11:36","modified_gmt":"2024-08-25T15:11:36","slug":"des-videos-pour-mieux-comprendre","status":"publish","type":"page","link":"https:\/\/www.mathsaucollege.ovh\/index.php\/3eme\/calcul-litteral\/des-videos-pour-mieux-comprendre\/","title":{"rendered":"Des vid\u00e9os pour mieux comprendre"},"content":{"rendered":"\n<hr class=\"wp-block-separator has-text-color has-accent-color has-css-opacity has-accent-background-color has-background\"\/>\n\n\n\n<p>Pour bien comprendre ce chapitre, il faut d&#8217;abord ma\u00eetriser les calculs avec des nombres. Je vous invite \u00e0 aller voir ces pages du site, il vous permettra de revoir les notions vues pendant les ann\u00e9es pr\u00e9c\u00e9dentes:<br><\/p>\n\n\n\n<hr class=\"wp-block-separator has-text-color has-accent-color has-css-opacity has-accent-background-color has-background\"\/>\n\n\n\n<p>Une petite vid\u00e9o d&#8217;introduction au calcul litt\u00e9ral :<\/p>\n\n\n\n<figure class=\"wp-block-embed is-type-video is-provider-youtube wp-block-embed-youtube wp-embed-aspect-16-9 wp-has-aspect-ratio\"><div class=\"wp-block-embed__wrapper\">\n<iframe loading=\"lazy\" title=\"Introduction au calcul litt\u00e9ral - 4\u00e8me\" width=\"580\" height=\"326\" src=\"https:\/\/www.youtube.com\/embed\/hyxoYAVTg70?feature=oembed\" frameborder=\"0\" allow=\"accelerometer; autoplay; clipboard-write; encrypted-media; gyroscope; picture-in-picture; web-share\" referrerpolicy=\"strict-origin-when-cross-origin\" allowfullscreen><\/iframe>\n<\/div><\/figure>\n\n\n\n<hr class=\"wp-block-separator has-text-color has-accent-color has-css-opacity has-accent-background-color has-background\"\/>\n\n\n\n<p>Comment r\u00e9duire une expression litt\u00e9rale ? ( somme, produit&#8230;)<\/p>\n\n\n\n<figure class=\"wp-block-embed is-type-video is-provider-youtube wp-block-embed-youtube wp-embed-aspect-16-9 wp-has-aspect-ratio\"><div class=\"wp-block-embed__wrapper\">\n<iframe loading=\"lazy\" title=\"R\u00e9duire une expression litt\u00e9rale - 4\u00e8me\" width=\"580\" height=\"326\" src=\"https:\/\/www.youtube.com\/embed\/48yxoFrNuXk?feature=oembed\" frameborder=\"0\" allow=\"accelerometer; autoplay; clipboard-write; encrypted-media; gyroscope; picture-in-picture; web-share\" referrerpolicy=\"strict-origin-when-cross-origin\" allowfullscreen><\/iframe>\n<\/div><\/figure>\n\n\n\n<hr class=\"wp-block-separator has-css-opacity\"\/>\n\n\n\n<p>Comment utiliser la simple distributivit\u00e9 pour d\u00e9velopper une expression litt\u00e9rale?<\/p>\n\n\n\n<figure class=\"wp-block-embed is-type-video is-provider-youtube wp-block-embed-youtube wp-embed-aspect-16-9 wp-has-aspect-ratio\"><div class=\"wp-block-embed__wrapper\">\n<iframe loading=\"lazy\" title=\"D\u00e9velopper une expression (Niv.1) - Quatri\u00e8me\" width=\"580\" height=\"326\" src=\"https:\/\/www.youtube.com\/embed\/S_ckQpWzmG8?feature=oembed\" frameborder=\"0\" allow=\"accelerometer; autoplay; clipboard-write; encrypted-media; gyroscope; picture-in-picture; web-share\" referrerpolicy=\"strict-origin-when-cross-origin\" allowfullscreen><\/iframe>\n<\/div><figcaption class=\"wp-element-caption\">Niveau 1<\/figcaption><\/figure>\n\n\n\n<figure class=\"wp-block-embed is-type-video is-provider-youtube wp-block-embed-youtube wp-embed-aspect-16-9 wp-has-aspect-ratio\"><div class=\"wp-block-embed__wrapper\">\n<iframe loading=\"lazy\" title=\"D\u00e9velopper une expression (Niv.2) - Quatri\u00e8me\" width=\"580\" height=\"326\" src=\"https:\/\/www.youtube.com\/embed\/URNld8xsXgM?feature=oembed\" frameborder=\"0\" allow=\"accelerometer; autoplay; clipboard-write; encrypted-media; gyroscope; picture-in-picture; web-share\" referrerpolicy=\"strict-origin-when-cross-origin\" allowfullscreen><\/iframe>\n<\/div><figcaption class=\"wp-element-caption\">Niveau 2<\/figcaption><\/figure>\n\n\n\n<hr class=\"wp-block-separator has-text-color has-accent-color has-css-opacity has-accent-background-color has-background\"\/>\n\n\n\n<p>Comment d\u00e9velopper et r\u00e9duire une expression litt\u00e9rale en utilisant la simple distributivit\u00e9?<\/p>\n\n\n\n<figure class=\"wp-block-embed is-type-video is-provider-youtube wp-block-embed-youtube wp-embed-aspect-16-9 wp-has-aspect-ratio\"><div class=\"wp-block-embed__wrapper\">\n<iframe loading=\"lazy\" title=\"D\u00e9velopper et r\u00e9duire une expression - Quatri\u00e8me\" width=\"580\" height=\"326\" src=\"https:\/\/www.youtube.com\/embed\/4PTioyfnmqc?feature=oembed\" frameborder=\"0\" allow=\"accelerometer; autoplay; clipboard-write; encrypted-media; gyroscope; picture-in-picture; web-share\" referrerpolicy=\"strict-origin-when-cross-origin\" allowfullscreen><\/iframe>\n<\/div><\/figure>\n\n\n\n<hr class=\"wp-block-separator has-text-color has-accent-color has-css-opacity has-accent-background-color has-background\"\/>\n\n\n\n<p>Quelques exemples de suppression parenth\u00e8ses pour r\u00e9duire une expression litt\u00e9rale:<\/p>\n\n\n\n<figure class=\"wp-block-embed is-type-video is-provider-youtube wp-block-embed-youtube wp-embed-aspect-4-3 wp-has-aspect-ratio\"><div class=\"wp-block-embed__wrapper\">\n<iframe loading=\"lazy\" title=\"Supprimer les parenth\u00e8ses \u2022 r\u00e9duire une expression \u2022 calcul litt\u00e9ral \u2022 cinqui\u00e8me quatri\u00e8me troisi\u00e8me\" width=\"580\" height=\"435\" src=\"https:\/\/www.youtube.com\/embed\/V1dpNtm0wSU?feature=oembed\" frameborder=\"0\" allow=\"accelerometer; autoplay; clipboard-write; encrypted-media; gyroscope; picture-in-picture; web-share\" referrerpolicy=\"strict-origin-when-cross-origin\" allowfullscreen><\/iframe>\n<\/div><\/figure>\n\n\n\n<hr class=\"wp-block-separator has-css-opacity\"\/>\n\n\n\n<p>Comment d\u00e9velopper une expression litt\u00e9rale en utilisant la double distributivit\u00e9?<\/p>\n\n\n\n<figure class=\"wp-block-embed is-type-video is-provider-youtube wp-block-embed-youtube wp-embed-aspect-16-9 wp-has-aspect-ratio\"><div class=\"wp-block-embed__wrapper\">\n<iframe loading=\"lazy\" title=\"D\u00e9velopper en utilisant la double distributivit\u00e9 (1) - Troisi\u00e8me\" width=\"580\" height=\"326\" src=\"https:\/\/www.youtube.com\/embed\/YS-3JI_z2f0?feature=oembed\" frameborder=\"0\" allow=\"accelerometer; autoplay; clipboard-write; encrypted-media; gyroscope; picture-in-picture; web-share\" referrerpolicy=\"strict-origin-when-cross-origin\" allowfullscreen><\/iframe>\n<\/div><figcaption class=\"wp-element-caption\">Niveau 1<\/figcaption><\/figure>\n\n\n\n<hr class=\"wp-block-separator has-text-color has-accent-color has-css-opacity has-accent-background-color has-background\"\/>\n\n\n\n<p>Comment &#8220;exprimer en fonction de&#8221;?<\/p>\n\n\n\n<figure class=\"wp-block-embed is-type-video is-provider-youtube wp-block-embed-youtube wp-embed-aspect-16-9 wp-has-aspect-ratio\"><div class=\"wp-block-embed__wrapper\">\n<iframe loading=\"lazy\" title=\"Exprimer EN FONCTION DE... - Cinqui\u00e8me\" width=\"580\" height=\"326\" src=\"https:\/\/www.youtube.com\/embed\/bpYh7tvfI_Y?feature=oembed\" frameborder=\"0\" allow=\"accelerometer; autoplay; clipboard-write; encrypted-media; gyroscope; picture-in-picture; web-share\" referrerpolicy=\"strict-origin-when-cross-origin\" allowfullscreen><\/iframe>\n<\/div><figcaption class=\"wp-element-caption\">Niveau 1<\/figcaption><\/figure>\n\n\n\n<figure class=\"wp-block-embed is-type-video is-provider-youtube wp-block-embed-youtube wp-embed-aspect-16-9 wp-has-aspect-ratio\"><div class=\"wp-block-embed__wrapper\">\n<iframe loading=\"lazy\" title=\"Exprimer en fonction de ... - Quatri\u00e8me\" width=\"580\" height=\"326\" src=\"https:\/\/www.youtube.com\/embed\/se9gyoJkkJ0?feature=oembed\" frameborder=\"0\" allow=\"accelerometer; autoplay; clipboard-write; encrypted-media; gyroscope; picture-in-picture; web-share\" referrerpolicy=\"strict-origin-when-cross-origin\" allowfullscreen><\/iframe>\n<\/div><figcaption class=\"wp-element-caption\">Niveau 2<\/figcaption><\/figure>\n\n\n\n<hr class=\"wp-block-separator has-text-color has-accent-color has-css-opacity has-accent-background-color has-background\"\/>\n\n\n\n<p>Comment r\u00e9soudre une \u00e9quation ?<\/p>\n\n\n\n<figure class=\"wp-block-embed is-type-video is-provider-youtube wp-block-embed-youtube wp-embed-aspect-16-9 wp-has-aspect-ratio\"><div class=\"wp-block-embed__wrapper\">\n<iframe loading=\"lazy\" title=\"R\u00e9soudre une \u00e9quation (4) - Quatri\u00e8me\" width=\"580\" height=\"326\" src=\"https:\/\/www.youtube.com\/embed\/QURskM271bE?feature=oembed\" frameborder=\"0\" allow=\"accelerometer; autoplay; clipboard-write; encrypted-media; gyroscope; picture-in-picture; web-share\" referrerpolicy=\"strict-origin-when-cross-origin\" allowfullscreen><\/iframe>\n<\/div><\/figure>\n\n\n\n<hr class=\"wp-block-separator has-css-opacity\"\/>\n\n\n\n<p>Comment r\u00e9soudre un probl\u00e8me avec les \u00e9quations ?<\/p>\n\n\n\n<figure class=\"wp-block-embed is-type-video is-provider-youtube wp-block-embed-youtube wp-embed-aspect-16-9 wp-has-aspect-ratio\"><div class=\"wp-block-embed__wrapper\">\n<iframe loading=\"lazy\" title=\"Mettre un probl\u00e8me en \u00e9quation (1) - Troisi\u00e8me\" width=\"580\" height=\"326\" src=\"https:\/\/www.youtube.com\/embed\/Xn8rUSZPO34?feature=oembed\" frameborder=\"0\" allow=\"accelerometer; autoplay; clipboard-write; encrypted-media; gyroscope; picture-in-picture; web-share\" referrerpolicy=\"strict-origin-when-cross-origin\" allowfullscreen><\/iframe>\n<\/div><\/figure>\n\n\n\n<p><\/p>\n","protected":false},"excerpt":{"rendered":"<p>Pour bien comprendre ce chapitre, il faut d&#8217;abord ma\u00eetriser les calculs avec des nombres. Je vous invite \u00e0 aller voir ces pages du site, il vous permettra de revoir les notions vues pendant les ann\u00e9es pr\u00e9c\u00e9dentes: Une petite vid\u00e9o d&#8217;introduction au calcul litt\u00e9ral : Comment r\u00e9duire une expression litt\u00e9rale ? ( somme, produit&#8230;) Comment utiliser [&hellip;]<\/p>\n","protected":false},"author":1,"featured_media":0,"parent":41,"menu_order":0,"comment_status":"closed","ping_status":"closed","template":"","meta":{"footnotes":""},"class_list":["post-72","page","type-page","status-publish","hentry"],"_links":{"self":[{"href":"https:\/\/www.mathsaucollege.ovh\/index.php\/wp-json\/wp\/v2\/pages\/72","targetHints":{"allow":["GET"]}}],"collection":[{"href":"https:\/\/www.mathsaucollege.ovh\/index.php\/wp-json\/wp\/v2\/pages"}],"about":[{"href":"https:\/\/www.mathsaucollege.ovh\/index.php\/wp-json\/wp\/v2\/types\/page"}],"author":[{"embeddable":true,"href":"https:\/\/www.mathsaucollege.ovh\/index.php\/wp-json\/wp\/v2\/users\/1"}],"replies":[{"embeddable":true,"href":"https:\/\/www.mathsaucollege.ovh\/index.php\/wp-json\/wp\/v2\/comments?post=72"}],"version-history":[{"count":14,"href":"https:\/\/www.mathsaucollege.ovh\/index.php\/wp-json\/wp\/v2\/pages\/72\/revisions"}],"predecessor-version":[{"id":1005,"href":"https:\/\/www.mathsaucollege.ovh\/index.php\/wp-json\/wp\/v2\/pages\/72\/revisions\/1005"}],"up":[{"embeddable":true,"href":"https:\/\/www.mathsaucollege.ovh\/index.php\/wp-json\/wp\/v2\/pages\/41"}],"wp:attachment":[{"href":"https:\/\/www.mathsaucollege.ovh\/index.php\/wp-json\/wp\/v2\/media?parent=72"}],"curies":[{"name":"wp","href":"https:\/\/api.w.org\/{rel}","templated":true}]}}