{"id":753,"date":"2021-10-20T15:35:06","date_gmt":"2021-10-20T13:35:06","guid":{"rendered":"http:\/\/www.mathsaucollege.ovh\/?page_id=753"},"modified":"2024-10-11T18:07:05","modified_gmt":"2024-10-11T16:07:05","slug":"des-elements-de-correction","status":"publish","type":"page","link":"https:\/\/www.mathsaucollege.ovh\/index.php\/3eme\/calcul-litteral\/des-elements-de-correction\/","title":{"rendered":"Des \u00e9l\u00e9ments de correction"},"content":{"rendered":"\n<p>Pour progresser, il faut faire des erreurs &#8230; Puis les corriger.<\/p>\n\n\n\n<hr class=\"wp-block-separator has-alpha-channel-opacity\"\/>\n\n\n\n<p><\/p>\n\n\n\n<h2 class=\"wp-block-heading\">Correction Fiche 1 : Quelques rappels sur le calcul num\u00e9rique<br><\/h2>\n\n\n\n<div data-wp-interactive=\"core\/file\" class=\"wp-block-file\"><object data-wp-bind--hidden=\"!state.hasPdfPreview\" hidden class=\"wp-block-file__embed\" data=\"http:\/\/www.mathsaucollege.ovh\/wp-content\/uploads\/2024\/09\/23-24_3eme_Activites-Exercices-Fiche1_Quelques_rappels_sur_les_calculs_numeriques_Correction.pdf\" type=\"application\/pdf\" style=\"width:100%;height:600px\" aria-label=\"Embed of 23-24_3eme_Activites-Exercices-Fiche1_Quelques_rappels_sur_les_calculs_num\u00e9riques_Correction.\"><\/object><a id=\"wp-block-file--media-5cf2d07a-591c-4021-8d27-030f77f1a777\" href=\"http:\/\/www.mathsaucollege.ovh\/wp-content\/uploads\/2024\/09\/23-24_3eme_Activites-Exercices-Fiche1_Quelques_rappels_sur_les_calculs_numeriques_Correction.pdf\">23-24_3eme_Activites-Exercices-Fiche1_Quelques_rappels_sur_les_calculs_num\u00e9riques_Correction<\/a><a href=\"http:\/\/www.mathsaucollege.ovh\/wp-content\/uploads\/2024\/09\/23-24_3eme_Activites-Exercices-Fiche1_Quelques_rappels_sur_les_calculs_numeriques_Correction.pdf\" class=\"wp-block-file__button wp-element-button\" download aria-describedby=\"wp-block-file--media-5cf2d07a-591c-4021-8d27-030f77f1a777\">T\u00e9l\u00e9charger<\/a><\/div>\n\n\n\n<hr class=\"wp-block-separator has-alpha-channel-opacity\"\/>\n\n\n\n<h2 class=\"wp-block-heading\">Correction Fiche 2 : Vers les outils du calcul litt\u00e9ral<\/h2>\n\n\n\n<div data-wp-interactive=\"core\/file\" class=\"wp-block-file\"><object data-wp-bind--hidden=\"!state.hasPdfPreview\" hidden class=\"wp-block-file__embed\" data=\"http:\/\/www.mathsaucollege.ovh\/wp-content\/uploads\/2024\/09\/23-24_3eme_Exercices_Fiche2_Vers_les_outils_du_calcul_litteral_Correction_Activite.pdf\" type=\"application\/pdf\" style=\"width:100%;height:600px\" aria-label=\"Embed of 23-24_3eme_Exercices_Fiche2_Vers_les_outils_du_calcul_litteral_Correction_Activit\u00e9.\"><\/object><a id=\"wp-block-file--media-6b159cb5-d121-436f-b05a-946ceaa1f43e\" href=\"http:\/\/www.mathsaucollege.ovh\/wp-content\/uploads\/2024\/09\/23-24_3eme_Exercices_Fiche2_Vers_les_outils_du_calcul_litteral_Correction_Activite.pdf\">23-24_3eme_Exercices_Fiche2_Vers_les_outils_du_calcul_litteral_Correction_Activit\u00e9<\/a><a href=\"http:\/\/www.mathsaucollege.ovh\/wp-content\/uploads\/2024\/09\/23-24_3eme_Exercices_Fiche2_Vers_les_outils_du_calcul_litteral_Correction_Activite.pdf\" class=\"wp-block-file__button wp-element-button\" download aria-describedby=\"wp-block-file--media-6b159cb5-d121-436f-b05a-946ceaa1f43e\">T\u00e9l\u00e9charger<\/a><\/div>\n\n\n\n<div data-wp-interactive=\"core\/file\" class=\"wp-block-file\"><object data-wp-bind--hidden=\"!state.hasPdfPreview\" hidden class=\"wp-block-file__embed\" data=\"http:\/\/www.mathsaucollege.ovh\/wp-content\/uploads\/2024\/09\/23-24_3eme_Exercices_Fiche2_Vers_les_outils_du_calcul_litteral_Correction_Ex_3_4_5.pdf\" type=\"application\/pdf\" style=\"width:100%;height:600px\" aria-label=\"Embed of 23-24_3eme_Exercices_Fiche2_Vers_les_outils_du_calcul_litteral_Correction_Ex_3_4_5.\"><\/object><a id=\"wp-block-file--media-27828ee9-4f60-4d19-9673-0ea137dccde7\" href=\"http:\/\/www.mathsaucollege.ovh\/wp-content\/uploads\/2024\/09\/23-24_3eme_Exercices_Fiche2_Vers_les_outils_du_calcul_litteral_Correction_Ex_3_4_5.pdf\">23-24_3eme_Exercices_Fiche2_Vers_les_outils_du_calcul_litteral_Correction_Ex_3_4_5<\/a><a href=\"http:\/\/www.mathsaucollege.ovh\/wp-content\/uploads\/2024\/09\/23-24_3eme_Exercices_Fiche2_Vers_les_outils_du_calcul_litteral_Correction_Ex_3_4_5.pdf\" class=\"wp-block-file__button wp-element-button\" download aria-describedby=\"wp-block-file--media-27828ee9-4f60-4d19-9673-0ea137dccde7\">T\u00e9l\u00e9charger<\/a><\/div>\n\n\n\n<div data-wp-interactive=\"core\/file\" class=\"wp-block-file\"><object data-wp-bind--hidden=\"!state.hasPdfPreview\" hidden class=\"wp-block-file__embed\" data=\"http:\/\/www.mathsaucollege.ovh\/wp-content\/uploads\/2024\/09\/23-24_3eme_Exercices_Fiche2_Vers_les_outils_du_calcul_litteral_Correction_Ex_6_7.pdf\" type=\"application\/pdf\" style=\"width:100%;height:600px\" aria-label=\"Embed of 23-24_3eme_Exercices_Fiche2_Vers_les_outils_du_calcul_litteral_Correction_Ex_6_7.\"><\/object><a id=\"wp-block-file--media-fb3eb095-cb51-4c2f-9741-3b90d698750e\" href=\"http:\/\/www.mathsaucollege.ovh\/wp-content\/uploads\/2024\/09\/23-24_3eme_Exercices_Fiche2_Vers_les_outils_du_calcul_litteral_Correction_Ex_6_7.pdf\">23-24_3eme_Exercices_Fiche2_Vers_les_outils_du_calcul_litteral_Correction_Ex_6_7<\/a><a href=\"http:\/\/www.mathsaucollege.ovh\/wp-content\/uploads\/2024\/09\/23-24_3eme_Exercices_Fiche2_Vers_les_outils_du_calcul_litteral_Correction_Ex_6_7.pdf\" class=\"wp-block-file__button wp-element-button\" download aria-describedby=\"wp-block-file--media-fb3eb095-cb51-4c2f-9741-3b90d698750e\">T\u00e9l\u00e9charger<\/a><\/div>\n\n\n\n<hr class=\"wp-block-separator has-css-opacity\"\/>\n\n\n\n<h2 class=\"wp-block-heading\">Correction Fiche 3 : Un nouvel outil<br><\/h2>\n\n\n\n<div data-wp-interactive=\"core\/file\" class=\"wp-block-file\"><object data-wp-bind--hidden=\"!state.hasPdfPreview\" hidden class=\"wp-block-file__embed\" data=\"http:\/\/www.mathsaucollege.ovh\/wp-content\/uploads\/2024\/09\/23-24_3eme_Exercices_Fiche3_Un_nouvel_outil_Correction.pdf\" type=\"application\/pdf\" style=\"width:100%;height:600px\" aria-label=\"Embed of 23-24_3eme_Exercices_Fiche3_Un_nouvel_outil_Correction.\"><\/object><a id=\"wp-block-file--media-10140732-d3a1-4b7f-a712-bb573ad7b7f7\" href=\"http:\/\/www.mathsaucollege.ovh\/wp-content\/uploads\/2024\/09\/23-24_3eme_Exercices_Fiche3_Un_nouvel_outil_Correction.pdf\">23-24_3eme_Exercices_Fiche3_Un_nouvel_outil_Correction<\/a><a href=\"http:\/\/www.mathsaucollege.ovh\/wp-content\/uploads\/2024\/09\/23-24_3eme_Exercices_Fiche3_Un_nouvel_outil_Correction.pdf\" class=\"wp-block-file__button wp-element-button\" download aria-describedby=\"wp-block-file--media-10140732-d3a1-4b7f-a712-bb573ad7b7f7\">T\u00e9l\u00e9charger<\/a><\/div>\n\n\n\n<hr class=\"wp-block-separator has-alpha-channel-opacity\"\/>\n\n\n\n<h2 class=\"wp-block-heading\">Correction Fiche 4 : Le retour des \u00e9quations<br><\/h2>\n\n\n\n<div data-wp-interactive=\"core\/file\" class=\"wp-block-file\"><object data-wp-bind--hidden=\"!state.hasPdfPreview\" hidden class=\"wp-block-file__embed\" data=\"http:\/\/www.mathsaucollege.ovh\/wp-content\/uploads\/2024\/10\/Fiche4_Le_retour_des_equations_Correction.pdf\" type=\"application\/pdf\" style=\"width:100%;height:600px\" aria-label=\"Embed of Fiche4_Le_retour_des_\u00e9quations_Correction.\"><\/object><a id=\"wp-block-file--media-0138e6c3-1667-4e46-8675-04bd8f840219\" href=\"http:\/\/www.mathsaucollege.ovh\/wp-content\/uploads\/2024\/10\/Fiche4_Le_retour_des_equations_Correction.pdf\">Fiche4_Le_retour_des_\u00e9quations_Correction<\/a><a href=\"http:\/\/www.mathsaucollege.ovh\/wp-content\/uploads\/2024\/10\/Fiche4_Le_retour_des_equations_Correction.pdf\" class=\"wp-block-file__button wp-element-button\" download aria-describedby=\"wp-block-file--media-0138e6c3-1667-4e46-8675-04bd8f840219\">T\u00e9l\u00e9charger<\/a><\/div>\n\n\n\n<hr class=\"wp-block-separator has-alpha-channel-opacity\"\/>\n\n\n\n<h2 class=\"wp-block-heading\">Correction  Fiche 5 : R\u00e9solution Techniques<\/h2>\n\n\n\n<div data-wp-interactive=\"core\/file\" class=\"wp-block-file\"><object data-wp-bind--hidden=\"!state.hasPdfPreview\" hidden class=\"wp-block-file__embed\" data=\"http:\/\/www.mathsaucollege.ovh\/wp-content\/uploads\/2024\/10\/Fiche5_Resolutions_techniques_Correction.pdf\" type=\"application\/pdf\" style=\"width:100%;height:600px\" aria-label=\"Embed of Fiche5_Resolutions_techniques_Correction.\"><\/object><a id=\"wp-block-file--media-40385c47-410c-439e-ad36-5c1faab8973b\" href=\"http:\/\/www.mathsaucollege.ovh\/wp-content\/uploads\/2024\/10\/Fiche5_Resolutions_techniques_Correction.pdf\">Fiche5_Resolutions_techniques_Correction<\/a><a href=\"http:\/\/www.mathsaucollege.ovh\/wp-content\/uploads\/2024\/10\/Fiche5_Resolutions_techniques_Correction.pdf\" class=\"wp-block-file__button wp-element-button\" download aria-describedby=\"wp-block-file--media-40385c47-410c-439e-ad36-5c1faab8973b\">T\u00e9l\u00e9charger<\/a><\/div>\n\n\n\n<hr class=\"wp-block-separator has-css-opacity\"\/>\n\n\n\n<h2 class=\"wp-block-heading\">Correction Fiche 6 : R\u00e9solution de probl\u00e8mes<br><\/h2>\n\n\n\n<div data-wp-interactive=\"core\/file\" class=\"wp-block-file\"><object data-wp-bind--hidden=\"!state.hasPdfPreview\" hidden class=\"wp-block-file__embed\" data=\"http:\/\/www.mathsaucollege.ovh\/wp-content\/uploads\/2024\/10\/Fiche6_Resolution-de-problemes_Correction.pdf\" type=\"application\/pdf\" style=\"width:100%;height:600px\" aria-label=\"Embed of Fiche6_R\u00e9solution de probl\u00e8mes_Correction.\"><\/object><a id=\"wp-block-file--media-71e191e7-1a56-480b-b37c-1a9cd2cbad2b\" href=\"http:\/\/www.mathsaucollege.ovh\/wp-content\/uploads\/2024\/10\/Fiche6_Resolution-de-problemes_Correction.pdf\">Fiche6_R\u00e9solution de probl\u00e8mes_Correction<\/a><a href=\"http:\/\/www.mathsaucollege.ovh\/wp-content\/uploads\/2024\/10\/Fiche6_Resolution-de-problemes_Correction.pdf\" class=\"wp-block-file__button wp-element-button\" download aria-describedby=\"wp-block-file--media-71e191e7-1a56-480b-b37c-1a9cd2cbad2b\">T\u00e9l\u00e9charger<\/a><\/div>\n\n\n\n<hr class=\"wp-block-separator has-css-opacity\"\/>\n\n\n\n<p><\/p>\n","protected":false},"excerpt":{"rendered":"<p>Pour progresser, il faut faire des erreurs &#8230; Puis les corriger. Correction Fiche 1 : Quelques rappels sur le calcul num\u00e9rique Correction Fiche 2 : Vers les outils du calcul litt\u00e9ral Correction Fiche 3 : Un nouvel outil Correction Fiche 4 : Le retour des \u00e9quations Correction Fiche 5 : R\u00e9solution Techniques Correction Fiche 6 [&hellip;]<\/p>\n","protected":false},"author":1,"featured_media":0,"parent":41,"menu_order":0,"comment_status":"closed","ping_status":"closed","template":"","meta":{"footnotes":""},"class_list":["post-753","page","type-page","status-publish","hentry"],"_links":{"self":[{"href":"https:\/\/www.mathsaucollege.ovh\/index.php\/wp-json\/wp\/v2\/pages\/753","targetHints":{"allow":["GET"]}}],"collection":[{"href":"https:\/\/www.mathsaucollege.ovh\/index.php\/wp-json\/wp\/v2\/pages"}],"about":[{"href":"https:\/\/www.mathsaucollege.ovh\/index.php\/wp-json\/wp\/v2\/types\/page"}],"author":[{"embeddable":true,"href":"https:\/\/www.mathsaucollege.ovh\/index.php\/wp-json\/wp\/v2\/users\/1"}],"replies":[{"embeddable":true,"href":"https:\/\/www.mathsaucollege.ovh\/index.php\/wp-json\/wp\/v2\/comments?post=753"}],"version-history":[{"count":14,"href":"https:\/\/www.mathsaucollege.ovh\/index.php\/wp-json\/wp\/v2\/pages\/753\/revisions"}],"predecessor-version":[{"id":1048,"href":"https:\/\/www.mathsaucollege.ovh\/index.php\/wp-json\/wp\/v2\/pages\/753\/revisions\/1048"}],"up":[{"embeddable":true,"href":"https:\/\/www.mathsaucollege.ovh\/index.php\/wp-json\/wp\/v2\/pages\/41"}],"wp:attachment":[{"href":"https:\/\/www.mathsaucollege.ovh\/index.php\/wp-json\/wp\/v2\/media?parent=753"}],"curies":[{"name":"wp","href":"https:\/\/api.w.org\/{rel}","templated":true}]}}