{"id":763,"date":"2021-10-20T16:53:41","date_gmt":"2021-10-20T14:53:41","guid":{"rendered":"http:\/\/www.mathsaucollege.ovh\/?page_id=763"},"modified":"2021-10-20T17:01:01","modified_gmt":"2021-10-20T15:01:01","slug":"des-applications-pour-mieux-comprendre","status":"publish","type":"page","link":"https:\/\/www.mathsaucollege.ovh\/index.php\/3eme\/3eme-la-trigonometrie\/des-applications-pour-mieux-comprendre\/","title":{"rendered":"Des applications pour mieux comprendre"},"content":{"rendered":"\n<hr class=\"wp-block-separator\"\/>\n\n\n\n<p>Pour travailler en autonomie \u00e0 la maison vous pouvez installer sur votre ordinateur, l&#8217;application qui suit. Elle peut \u00eatre utilis\u00e9e sur t\u00e9l\u00e9phone, tablette ou ordinateur.<\/p>\n\n\n\n<p>Elle est propos\u00e9e par l&#8217;acad\u00e9mie de Dijon.<\/p>\n\n\n\n<p>Plusieurs th\u00e8mes et niveaux sont disponibles.<br><br><a href=\"http:\/\/mathematiques.ac-dijon.fr\/spip.php?article240\">http:\/\/mathematiques.ac-dijon.fr\/spip.php?article240<\/a><br><\/p>\n\n\n\n<figure class=\"wp-block-image size-large\"><img loading=\"lazy\" decoding=\"async\" width=\"1024\" height=\"465\" src=\"http:\/\/www.mathsaucollege.ovh\/wp-content\/uploads\/2021\/10\/Image1-1-1024x465.png\" alt=\"\" class=\"wp-image-770\" srcset=\"https:\/\/www.mathsaucollege.ovh\/wp-content\/uploads\/2021\/10\/Image1-1-1024x465.png 1024w, https:\/\/www.mathsaucollege.ovh\/wp-content\/uploads\/2021\/10\/Image1-1-300x136.png 300w, https:\/\/www.mathsaucollege.ovh\/wp-content\/uploads\/2021\/10\/Image1-1-768x349.png 768w, https:\/\/www.mathsaucollege.ovh\/wp-content\/uploads\/2021\/10\/Image1-1-1536x697.png 1536w, https:\/\/www.mathsaucollege.ovh\/wp-content\/uploads\/2021\/10\/Image1-1-2048x929.png 2048w, https:\/\/www.mathsaucollege.ovh\/wp-content\/uploads\/2021\/10\/Image1-1-1200x545.png 1200w, https:\/\/www.mathsaucollege.ovh\/wp-content\/uploads\/2021\/10\/Image1-1-1980x899.png 1980w\" sizes=\"auto, (max-width: 1024px) 100vw, 1024px\" \/><\/figure>\n\n\n\n<figure class=\"wp-block-image size-large\"><img loading=\"lazy\" decoding=\"async\" width=\"1024\" height=\"701\" src=\"http:\/\/www.mathsaucollege.ovh\/wp-content\/uploads\/2021\/10\/Image2-1-1024x701.png\" alt=\"\" class=\"wp-image-771\" srcset=\"https:\/\/www.mathsaucollege.ovh\/wp-content\/uploads\/2021\/10\/Image2-1-1024x701.png 1024w, https:\/\/www.mathsaucollege.ovh\/wp-content\/uploads\/2021\/10\/Image2-1-300x206.png 300w, https:\/\/www.mathsaucollege.ovh\/wp-content\/uploads\/2021\/10\/Image2-1-768x526.png 768w, https:\/\/www.mathsaucollege.ovh\/wp-content\/uploads\/2021\/10\/Image2-1-1536x1052.png 1536w, https:\/\/www.mathsaucollege.ovh\/wp-content\/uploads\/2021\/10\/Image2-1-1200x822.png 1200w, https:\/\/www.mathsaucollege.ovh\/wp-content\/uploads\/2021\/10\/Image2-1.png 1832w\" sizes=\"auto, (max-width: 1024px) 100vw, 1024px\" \/><\/figure>\n\n\n\n<p> <\/p>\n","protected":false},"excerpt":{"rendered":"<p>Pour travailler en autonomie \u00e0 la maison vous pouvez installer sur votre ordinateur, l&#8217;application qui suit. Elle peut \u00eatre utilis\u00e9e sur t\u00e9l\u00e9phone, tablette ou ordinateur. Elle est propos\u00e9e par l&#8217;acad\u00e9mie de Dijon. Plusieurs th\u00e8mes et niveaux sont disponibles. http:\/\/mathematiques.ac-dijon.fr\/spip.php?article240<\/p>\n","protected":false},"author":1,"featured_media":0,"parent":307,"menu_order":0,"comment_status":"closed","ping_status":"closed","template":"","meta":{"footnotes":""},"class_list":["post-763","page","type-page","status-publish","hentry"],"_links":{"self":[{"href":"https:\/\/www.mathsaucollege.ovh\/index.php\/wp-json\/wp\/v2\/pages\/763","targetHints":{"allow":["GET"]}}],"collection":[{"href":"https:\/\/www.mathsaucollege.ovh\/index.php\/wp-json\/wp\/v2\/pages"}],"about":[{"href":"https:\/\/www.mathsaucollege.ovh\/index.php\/wp-json\/wp\/v2\/types\/page"}],"author":[{"embeddable":true,"href":"https:\/\/www.mathsaucollege.ovh\/index.php\/wp-json\/wp\/v2\/users\/1"}],"replies":[{"embeddable":true,"href":"https:\/\/www.mathsaucollege.ovh\/index.php\/wp-json\/wp\/v2\/comments?post=763"}],"version-history":[{"count":3,"href":"https:\/\/www.mathsaucollege.ovh\/index.php\/wp-json\/wp\/v2\/pages\/763\/revisions"}],"predecessor-version":[{"id":772,"href":"https:\/\/www.mathsaucollege.ovh\/index.php\/wp-json\/wp\/v2\/pages\/763\/revisions\/772"}],"up":[{"embeddable":true,"href":"https:\/\/www.mathsaucollege.ovh\/index.php\/wp-json\/wp\/v2\/pages\/307"}],"wp:attachment":[{"href":"https:\/\/www.mathsaucollege.ovh\/index.php\/wp-json\/wp\/v2\/media?parent=763"}],"curies":[{"name":"wp","href":"https:\/\/api.w.org\/{rel}","templated":true}]}}